{"id":5723,"date":"2022-10-16T01:58:17","date_gmt":"2022-10-16T01:58:17","guid":{"rendered":"https:\/\/www.atlantistechnologie.com\/test\/?post_type=product&#038;p=5723"},"modified":"2022-10-16T01:58:19","modified_gmt":"2022-10-16T01:58:19","slug":"souris-logitech-m280-sans-fil-2-4-ghz","status":"publish","type":"product","link":"https:\/\/www.atlantistechnologie.com\/test\/product\/souris-logitech-m280-sans-fil-2-4-ghz\/","title":{"rendered":"Souris Logitech M280 sans fil 2.4 GHz"},"content":{"rendered":"<p>Description<\/p>\n<p>Une souris au design incurv\u00e9 con\u00e7ue par la marque Logitech. Elle vous offre un confort d\u2019utilisation \u00e0 l\u2019aide de son rev\u00eatement textur\u00e9 en caoutchouc.<\/p>\n<p>Profitez d\u2019un contr\u00f4le fluide du curseur et d\u2019une s\u00e9lection de texte facile, gr\u00e2ce \u00e0 l\u2019optimisation du capteur optique avanc\u00e9 de Logitech. Un nano-r\u00e9cepteur quasi invisible, \u00e9met  une connexion sans fil aussi fiable que pratique.<\/p>\n<p>C\u2019est une souris \u00e9co-\u00e9nerg\u00e9tique, qui se met en veille lorsqu\u2019il n\u2019est en cours d\u2019utilisation, afin d\u2019avoir des piles beaucoup plus durables.<\/p>\n<p>Le M280 de Logitech est la souris id\u00e9ale pour vos ordinateurs Windows ou Mac.<\/p>\n","protected":false},"excerpt":{"rendered":"<p>Description Une souris au design incurv\u00e9 con\u00e7ue par la marque Logitech. Elle vous offre un confort d\u2019utilisation \u00e0 l\u2019aide de son rev\u00eatement textur\u00e9 en caoutchouc. Profitez d\u2019un contr\u00f4le fluide du<\/p>\n","protected":false},"featured_media":5724,"comment_status":"open","ping_status":"closed","template":"","meta":{"_acf_changed":false,"nf_dc_page":"","om_disable_all_campaigns":false},"product_brand":[],"product_cat":[44,15],"product_tag":[],"class_list":{"0":"post-5723","1":"product","2":"type-product","3":"status-publish","4":"has-post-thumbnail","6":"product_cat-accessories-informatique","7":"product_cat-uncategorized","9":"first","10":"instock","11":"shipping-taxable","12":"purchasable","13":"product-type-simple"},"acf":[],"jetpack_sharing_enabled":true,"_links":{"self":[{"href":"https:\/\/www.atlantistechnologie.com\/test\/wp-json\/wp\/v2\/product\/5723","targetHints":{"allow":["GET"]}}],"collection":[{"href":"https:\/\/www.atlantistechnologie.com\/test\/wp-json\/wp\/v2\/product"}],"about":[{"href":"https:\/\/www.atlantistechnologie.com\/test\/wp-json\/wp\/v2\/types\/product"}],"replies":[{"embeddable":true,"href":"https:\/\/www.atlantistechnologie.com\/test\/wp-json\/wp\/v2\/comments?post=5723"}],"wp:featuredmedia":[{"embeddable":true,"href":"https:\/\/www.atlantistechnologie.com\/test\/wp-json\/wp\/v2\/media\/5724"}],"wp:attachment":[{"href":"https:\/\/www.atlantistechnologie.com\/test\/wp-json\/wp\/v2\/media?parent=5723"}],"wp:term":[{"taxonomy":"product_brand","embeddable":true,"href":"https:\/\/www.atlantistechnologie.com\/test\/wp-json\/wp\/v2\/product_brand?post=5723"},{"taxonomy":"product_cat","embeddable":true,"href":"https:\/\/www.atlantistechnologie.com\/test\/wp-json\/wp\/v2\/product_cat?post=5723"},{"taxonomy":"product_tag","embeddable":true,"href":"https:\/\/www.atlantistechnologie.com\/test\/wp-json\/wp\/v2\/product_tag?post=5723"}],"curies":[{"name":"wp","href":"https:\/\/api.w.org\/{rel}","templated":true}]}}