{"id":5688,"date":"2022-10-13T13:49:48","date_gmt":"2022-10-13T13:49:48","guid":{"rendered":"https:\/\/www.atlantistechnologie.com\/test\/?post_type=product&#038;p=5688"},"modified":"2022-10-13T13:49:49","modified_gmt":"2022-10-13T13:49:49","slug":"ordinateur-pc-hp-6300-core-i3-4gb-1tb-ecran-19-clavier-et-souris","status":"publish","type":"product","link":"https:\/\/www.atlantistechnologie.com\/test\/product\/ordinateur-pc-hp-6300-core-i3-4gb-1tb-ecran-19-clavier-et-souris\/","title":{"rendered":"Ordinateur Pc Hp 6300 Core I3 4gb 1tb + Ecran 19 clavier et souris"},"content":{"rendered":"<p>Mod\u00e8le : HP Compaq Pro 6300 format SFF (Small Form Factor)<br \/>\nProcesseur : Intel Core i3-2120 \u2013 3.3 GHz \u2013 2 coeurs \u2013 Cache : 3 Mo \u2013 Socket 1155 \/ H2 \/ LGA1155<br \/>\nM\u00e9moire Vive : 16 Go \u2013 DDR3<br \/>\nDisque dur : 2 To SATA (Format 3,5\u2033)<br \/>\nLecteur optique : Graveur DVD<br \/>\nContr\u00f4leur graphique : Int\u00e9gr\u00e9 au processeur \u2013 HD 2000<br \/>\nR\u00e9seau : RJ-45 Ethernet 10\/100\/1000 Mbps + Clef USB Wifi<br \/>\nSyst\u00e8me d\u2019exploitation : Windows 10<br \/>\nHauteur : 33.8<\/p>\n","protected":false},"excerpt":{"rendered":"<p>Mod\u00e8le : HP Compaq Pro 6300 format SFF (Small Form Factor) Processeur : Intel Core i3-2120 \u2013 3.3 GHz \u2013 2 coeurs \u2013 Cache : 3 Mo \u2013 Socket 1155<\/p>\n","protected":false},"featured_media":5689,"comment_status":"open","ping_status":"closed","template":"","meta":{"_acf_changed":false,"nf_dc_page":"","om_disable_all_campaigns":false},"product_brand":[],"product_cat":[226],"product_tag":[],"class_list":{"0":"post-5688","1":"product","2":"type-product","3":"status-publish","4":"has-post-thumbnail","6":"product_cat-informatique","8":"first","9":"instock","10":"shipping-taxable","11":"purchasable","12":"product-type-simple"},"acf":[],"jetpack_sharing_enabled":true,"_links":{"self":[{"href":"https:\/\/www.atlantistechnologie.com\/test\/wp-json\/wp\/v2\/product\/5688","targetHints":{"allow":["GET"]}}],"collection":[{"href":"https:\/\/www.atlantistechnologie.com\/test\/wp-json\/wp\/v2\/product"}],"about":[{"href":"https:\/\/www.atlantistechnologie.com\/test\/wp-json\/wp\/v2\/types\/product"}],"replies":[{"embeddable":true,"href":"https:\/\/www.atlantistechnologie.com\/test\/wp-json\/wp\/v2\/comments?post=5688"}],"wp:featuredmedia":[{"embeddable":true,"href":"https:\/\/www.atlantistechnologie.com\/test\/wp-json\/wp\/v2\/media\/5689"}],"wp:attachment":[{"href":"https:\/\/www.atlantistechnologie.com\/test\/wp-json\/wp\/v2\/media?parent=5688"}],"wp:term":[{"taxonomy":"product_brand","embeddable":true,"href":"https:\/\/www.atlantistechnologie.com\/test\/wp-json\/wp\/v2\/product_brand?post=5688"},{"taxonomy":"product_cat","embeddable":true,"href":"https:\/\/www.atlantistechnologie.com\/test\/wp-json\/wp\/v2\/product_cat?post=5688"},{"taxonomy":"product_tag","embeddable":true,"href":"https:\/\/www.atlantistechnologie.com\/test\/wp-json\/wp\/v2\/product_tag?post=5688"}],"curies":[{"name":"wp","href":"https:\/\/api.w.org\/{rel}","templated":true}]}}