{"id":5684,"date":"2022-10-13T12:51:32","date_gmt":"2022-10-13T12:51:32","guid":{"rendered":"https:\/\/www.atlantistechnologie.com\/test\/?post_type=product&#038;p=5684"},"modified":"2022-10-13T12:51:35","modified_gmt":"2022-10-13T12:51:35","slug":"imprimante-epson-tm-t20iii-imprimante-de-recus-noir-et-blanc-thermique","status":"publish","type":"product","link":"https:\/\/www.atlantistechnologie.com\/test\/product\/imprimante-epson-tm-t20iii-imprimante-de-recus-noir-et-blanc-thermique\/","title":{"rendered":"Imprimante Epson TM T20III \u2013 imprimante de re\u00e7us \u2013 Noir et blanc \u2013 thermique"},"content":{"rendered":"<p>Abordable<br \/>\nCe mod\u00e8le facile \u00e0 utiliser et pr\u00e9sentant une largeur de papier de 80 mm est notre imprimante de tickets POS la plus abordable. Sa fonction de r\u00e9duction de papier automatique r\u00e9duit les marges sup\u00e9rieure et inf\u00e9rieure, le saut de ligne et la hauteur des codes-barres, pour plus de flexibilit\u00e9. Elle permet \u00e9galement de surveiller et de contr\u00f4ler la quantit\u00e9 de papier utilis\u00e9. Les co\u00fbts de papier sont minimis\u00e9s par l\u2019impression du logo sup\u00e9rieur du ticket suivant avant la coupe du ticket en cours, de sorte que la marge sup\u00e9rieure est encore r\u00e9duite de 12 mm.<\/p>\n<p>Fiable<br \/>\nAvec un temps moyen de bon fonctionnement sans intervention (MTBF) de 360 000 heures et une dur\u00e9e de vie de 15 millions de lignes, vous pouvez compter sur la TM-T20III dans les environnements \u00e0 volume d\u2019impression \u00e9lev\u00e9.<\/p>\n<p>Flexible<br \/>\nLa TM-T20III a une interface USB int\u00e9gr\u00e9e. Vous avez le choix entre deux mod\u00e8les : 1) USB + s\u00e9rie, 2) Ethernet. Ce mod\u00e8le est donc un investissement \u00e0 long terme, car vous pouvez changer de connectivit\u00e9 \u00e0 tout moment.<\/p>\n<p>Rapide<br \/>\nLa vitesse d\u2019impression de 250 mm\/s vous permet de gagner du temps, ce qui est parfait pour \u00e9viter les longues files d\u2019attente. Son prix d\u2019achat et ses co\u00fbts de fonctionnement comp\u00e9titifs vous permettent de faire des \u00e9conomies.<\/p>\n","protected":false},"excerpt":{"rendered":"<p>Principales caract\u00e9ristiques<br \/>\n\u00c9conomique Fonction de r\u00e9duction de papier automatique<br \/>\nFiabilit\u00e9 Dur\u00e9e de vie du m\u00e9canisme : 15 millions de lignes<br \/>\nVitesse d\u2019impression \u00e9lev\u00e9e Vitesse d\u2019impression de 250mm\/sConnectivit\u00e9 flexible Deux mod\u00e8les : 1) USB + s\u00e9rie ;  Ethernet<\/p>\n","protected":false},"featured_media":5685,"comment_status":"open","ping_status":"closed","template":"","meta":{"_acf_changed":false,"nf_dc_page":"","om_disable_all_campaigns":false},"product_brand":[],"product_cat":[264,227],"product_tag":[],"class_list":{"0":"post-5684","1":"product","2":"type-product","3":"status-publish","4":"has-post-thumbnail","6":"product_cat-imprimante-jet-dencre-2","7":"product_cat-imprimantes","9":"first","10":"instock","11":"shipping-taxable","12":"purchasable","13":"product-type-simple"},"acf":[],"jetpack_sharing_enabled":true,"_links":{"self":[{"href":"https:\/\/www.atlantistechnologie.com\/test\/wp-json\/wp\/v2\/product\/5684","targetHints":{"allow":["GET"]}}],"collection":[{"href":"https:\/\/www.atlantistechnologie.com\/test\/wp-json\/wp\/v2\/product"}],"about":[{"href":"https:\/\/www.atlantistechnologie.com\/test\/wp-json\/wp\/v2\/types\/product"}],"replies":[{"embeddable":true,"href":"https:\/\/www.atlantistechnologie.com\/test\/wp-json\/wp\/v2\/comments?post=5684"}],"wp:featuredmedia":[{"embeddable":true,"href":"https:\/\/www.atlantistechnologie.com\/test\/wp-json\/wp\/v2\/media\/5685"}],"wp:attachment":[{"href":"https:\/\/www.atlantistechnologie.com\/test\/wp-json\/wp\/v2\/media?parent=5684"}],"wp:term":[{"taxonomy":"product_brand","embeddable":true,"href":"https:\/\/www.atlantistechnologie.com\/test\/wp-json\/wp\/v2\/product_brand?post=5684"},{"taxonomy":"product_cat","embeddable":true,"href":"https:\/\/www.atlantistechnologie.com\/test\/wp-json\/wp\/v2\/product_cat?post=5684"},{"taxonomy":"product_tag","embeddable":true,"href":"https:\/\/www.atlantistechnologie.com\/test\/wp-json\/wp\/v2\/product_tag?post=5684"}],"curies":[{"name":"wp","href":"https:\/\/api.w.org\/{rel}","templated":true}]}}