{"id":5623,"date":"2022-10-11T16:07:31","date_gmt":"2022-10-11T16:07:31","guid":{"rendered":"https:\/\/www.atlantistechnologie.com\/test\/?post_type=product&#038;p=5623"},"modified":"2022-10-11T16:35:49","modified_gmt":"2022-10-11T16:35:49","slug":"cartouche-hp-207a-toner-authentique-pour-hp-color-laserjet-pro-m255-m282-m283","status":"publish","type":"product","link":"https:\/\/www.atlantistechnologie.com\/test\/product\/cartouche-hp-207a-toner-authentique-pour-hp-color-laserjet-pro-m255-m282-m283\/","title":{"rendered":"Cartouche HP 207A Toner Authentique pour HP Color LaserJet Pro M255 \/ M282 \/ M283"},"content":{"rendered":"<h2>POUR DES DOCUMENTS DE QUALIT\u00c9, \u00c0 HAUTE VITESSE ET POUR UN COUP MOINDRE<\/h2>\n<p>Avec le<strong> toner LaserJet 207A<\/strong>\u00a0vous produirez des documents de qualit\u00e9 professionnelle, \u00e0 haute vitesse et pour un coup moindre. Ce\u00a0toner HP LaserJet est authentique et\u00a0\u00e9conomique. Il est pourvu de la technologie HP\u00a0JetIntelligence qui offre\u00a0une efficacit\u00e9 am\u00e9lior\u00e9e avec un suivi pr\u00e9cis des niveaux de toner.<\/p>\n<p><strong>Caract\u00e9ristiques :<\/strong><\/p>\n<ul>\n<li>Couleur(s) des cartouches d\u2019impression :<\/li>\n<li>Technologie d&#8217;impression : Laser<\/li>\n<li>Nombre total de pages (couleur) : 1250 pages<\/li>\n<li>Compatibilit\u00e9 : M282nw, M283cdw, M283fdn, M283fdw<\/li>\n<\/ul>\n<p>&nbsp;<\/p>\n","protected":false},"excerpt":{"rendered":"<p>HP 207A\u00a0 &#8211; Toner original <strong>HP W2210A<\/strong>. Ce toner HP 207A\u00a0<strong>100% authentique<\/strong>\u00a0vous permettra d&#8217;imprimer\u00a0<strong>jusqu&#8217;\u00e0 1350 pages en noir<\/strong><br \/>\nCompatible avec les imprimantes laser\u00a0<strong>HP Color LaserJet Pro<\/strong>\u00a0M255dw, M255nw, MFP M282nw, MFP M283cdw, MFP M283fdn, MFP M283fdw.<\/p>\n","protected":false},"featured_media":5664,"comment_status":"open","ping_status":"closed","template":"","meta":{"_acf_changed":false,"nf_dc_page":"","om_disable_all_campaigns":false},"product_brand":[],"product_cat":[260],"product_tag":[],"class_list":{"0":"post-5623","1":"product","2":"type-product","3":"status-publish","4":"has-post-thumbnail","6":"product_cat-cartouche-laser-2","8":"first","9":"instock","10":"shipping-taxable","11":"purchasable","12":"product-type-simple"},"acf":[],"jetpack_sharing_enabled":true,"_links":{"self":[{"href":"https:\/\/www.atlantistechnologie.com\/test\/wp-json\/wp\/v2\/product\/5623","targetHints":{"allow":["GET"]}}],"collection":[{"href":"https:\/\/www.atlantistechnologie.com\/test\/wp-json\/wp\/v2\/product"}],"about":[{"href":"https:\/\/www.atlantistechnologie.com\/test\/wp-json\/wp\/v2\/types\/product"}],"replies":[{"embeddable":true,"href":"https:\/\/www.atlantistechnologie.com\/test\/wp-json\/wp\/v2\/comments?post=5623"}],"wp:featuredmedia":[{"embeddable":true,"href":"https:\/\/www.atlantistechnologie.com\/test\/wp-json\/wp\/v2\/media\/5664"}],"wp:attachment":[{"href":"https:\/\/www.atlantistechnologie.com\/test\/wp-json\/wp\/v2\/media?parent=5623"}],"wp:term":[{"taxonomy":"product_brand","embeddable":true,"href":"https:\/\/www.atlantistechnologie.com\/test\/wp-json\/wp\/v2\/product_brand?post=5623"},{"taxonomy":"product_cat","embeddable":true,"href":"https:\/\/www.atlantistechnologie.com\/test\/wp-json\/wp\/v2\/product_cat?post=5623"},{"taxonomy":"product_tag","embeddable":true,"href":"https:\/\/www.atlantistechnologie.com\/test\/wp-json\/wp\/v2\/product_tag?post=5623"}],"curies":[{"name":"wp","href":"https:\/\/api.w.org\/{rel}","templated":true}]}}