{"id":5622,"date":"2022-10-11T16:07:31","date_gmt":"2022-10-11T16:07:31","guid":{"rendered":"https:\/\/www.atlantistechnologie.com\/test\/?post_type=product&#038;p=5622"},"modified":"2022-10-11T16:08:36","modified_gmt":"2022-10-11T16:08:36","slug":"adaptateur-wiwu-alpha11-en-1-type-c-alpha-a11312h","status":"publish","type":"product","link":"https:\/\/www.atlantistechnologie.com\/test\/product\/adaptateur-wiwu-alpha11-en-1-type-c-alpha-a11312h\/","title":{"rendered":"Adaptateur WIWU Alpha11 en 1 Type-C \/Alpha A11312h"},"content":{"rendered":"<h3 class=\"title-block\">Description<\/h3>\n<div class=\"block-content\">\n<div class=\"product-description typo\">\n<ul>\n<li><strong>Adaptateur Multi Fonction:<\/strong>\u00a0Le Hub USB-C Alpha 11 en 1 de Wiwu transforme le port USB-C de votre ordinateur en hub de connexion pour tous vos appareils \u00e9lectroniques (moniteur, disque dur, cartes SD, enceintes audio, etc.)<\/li>\n<li><strong>Rapide:<\/strong>\u00a0Fonctionne tr\u00e8s rapidement avec les cartes SD et MicroSD. Les 4 ports USB permettent de connecter un disque dur, un clavier, une souris, etc. et il est \u00e9quip\u00e9 d&#8217;un port RJ45 Gigabit.<\/li>\n<li><strong>Certification:<\/strong>\u00a0CE, FCC, Marque Rohs, Wiwu est reconnue pour la qualit\u00e9 et s\u00e9curit\u00e9 de ses connecteurs.<\/li>\n<li><strong>Interface:<\/strong>\u00a04 USB 1 HDMI 1 Micro SD 1 LAN GIGABIT RJ45 1 VGA 1 St\u00e9r\u00e9o Jack 1 Type C Prend en charge la mise en miroir en 4K sur projecteurs, \u00e9crans et t\u00e9l\u00e9viseurs.<\/li>\n<\/ul>\n<\/div>\n<\/div>\n","protected":false},"excerpt":{"rendered":"<ul>\n<li><strong>Adaptateur:<\/strong>\u00a0USB3.0 x 3 + SD + TF +<\/li>\n<li><strong>Inteface:<\/strong>\u00a0HDMI x 2 + VGA + RJ45 + PD + 3.5<\/li>\n<li><strong>Syst\u00e8me:<\/strong>\u00a0Mac OS \/ Windows \/ Linux<\/li>\n<li><strong>Couleur:<\/strong>\u00a0Grise, alliage d\u2019aluminium<\/li>\n<\/ul>\n","protected":false},"featured_media":5661,"comment_status":"open","ping_status":"closed","template":"","meta":{"_acf_changed":false,"nf_dc_page":"","om_disable_all_campaigns":false},"product_brand":[],"product_cat":[44],"product_tag":[],"class_list":{"0":"post-5622","1":"product","2":"type-product","3":"status-publish","4":"has-post-thumbnail","6":"product_cat-accessories-informatique","8":"first","9":"instock","10":"shipping-taxable","11":"purchasable","12":"product-type-simple"},"acf":[],"jetpack_sharing_enabled":true,"_links":{"self":[{"href":"https:\/\/www.atlantistechnologie.com\/test\/wp-json\/wp\/v2\/product\/5622","targetHints":{"allow":["GET"]}}],"collection":[{"href":"https:\/\/www.atlantistechnologie.com\/test\/wp-json\/wp\/v2\/product"}],"about":[{"href":"https:\/\/www.atlantistechnologie.com\/test\/wp-json\/wp\/v2\/types\/product"}],"replies":[{"embeddable":true,"href":"https:\/\/www.atlantistechnologie.com\/test\/wp-json\/wp\/v2\/comments?post=5622"}],"wp:featuredmedia":[{"embeddable":true,"href":"https:\/\/www.atlantistechnologie.com\/test\/wp-json\/wp\/v2\/media\/5661"}],"wp:attachment":[{"href":"https:\/\/www.atlantistechnologie.com\/test\/wp-json\/wp\/v2\/media?parent=5622"}],"wp:term":[{"taxonomy":"product_brand","embeddable":true,"href":"https:\/\/www.atlantistechnologie.com\/test\/wp-json\/wp\/v2\/product_brand?post=5622"},{"taxonomy":"product_cat","embeddable":true,"href":"https:\/\/www.atlantistechnologie.com\/test\/wp-json\/wp\/v2\/product_cat?post=5622"},{"taxonomy":"product_tag","embeddable":true,"href":"https:\/\/www.atlantistechnologie.com\/test\/wp-json\/wp\/v2\/product_tag?post=5622"}],"curies":[{"name":"wp","href":"https:\/\/api.w.org\/{rel}","templated":true}]}}