{"id":5620,"date":"2022-10-11T16:07:31","date_gmt":"2022-10-11T16:07:31","guid":{"rendered":"https:\/\/www.atlantistechnologie.com\/test\/?post_type=product&#038;p=5620"},"modified":"2022-10-11T16:08:33","modified_gmt":"2022-10-11T16:08:33","slug":"clavier-souris-sans-fil-hk3800-gamer","status":"publish","type":"product","link":"https:\/\/www.atlantistechnologie.com\/test\/product\/clavier-souris-sans-fil-hk3800-gamer\/","title":{"rendered":"Clavier souris sans fil \u2013 HK3800  Gamer"},"content":{"rendered":"<p>Le clavier dispose de 8 touches de raccourci de capacit\u00e9s multim\u00e9dia en haut du clavier.\u00a0\u00c0 savoir, le volume augmente, r\u00e9duisant le volume, muet, lecture \/ pause, d\u00e9marrer votre navigateur, d\u00e9marrer un e-mail, une fermeture de cl\u00e9 et une calculatrice de d\u00e9marrage.\u00a0Ainsi, vous pouvez naviguer sur le Web, envoyer et recevoir des courriels facilement.<\/p>\n<p>La vitesse de la souris peut \u00eatre atteint en deux tranches, 1000 DPI ou 1600 DPI pour convenir au bureau, et les exigences du jeu.<\/p>\n<p>La mod\u00e9lisation de la mode souris et clavier, la personnalit\u00e9 du spectacle, le traitement de surface \u00e0 l\u2019aide d\u2019un proc\u00e9d\u00e9 de meulage sophistiqu\u00e9, la texture d\u00e9licate, la sensation de classe, vous procurent un confort sans pr\u00e9c\u00e9dent.<\/p>\n<h2 class=\"hdr -upp -fs14 -m -pam\">Clavier et souris : DESCRIPTIF TECHNIQUE<\/h2>\n<ul class=\"-pvs -mvxs -phm -lsn\">\n<li class=\"-pvxs\"><span class=\"-b\">SKU<\/span>: OT438EL19TOW0NAFAMZ<\/li>\n<li class=\"-pvxs\"><span class=\"-b\">Couleur<\/span>: Noir<\/li>\n<li class=\"-pvxs\"><span class=\"-b\">Poids (kg)<\/span>: 1.5<\/li>\n<\/ul>\n<p class=\"hdr -upp -fs14 -m -pam\">Clavier et souris : DESCRIPTIF TECHNIQUE<\/p>\n<ul class=\"-pvs -mvxs -phm -lsn\">\n<li class=\"-pvxs\"><span class=\"-b\">SKU<\/span>: OT438EL19TOW0NAFAMZ<\/li>\n<li class=\"-pvxs\"><span class=\"-b\">Couleur<\/span>: Noir<\/li>\n<li class=\"-pvxs\"><span class=\"-b\">Poids (kg)<\/span>: 1.5<\/li>\n<\/ul>\n","protected":false},"excerpt":{"rendered":"<p>Conception \u00e0 faible consommation d\u2019\u00e9nergie et de courant, permettant une utilisation plus longue de la batterie. Conception ergonomique, confortable \u00e0 utiliser, Plug and Play. L\u2019indicateur d\u2019alarme de faible voix rappelle sans cesse de remplacer la batterie. Conception \u00e0 orientation humaine, augmentant une s\u00e9rie de cl\u00e9s multim\u00e9dias. Touches ultra-minces, confortables \u00e0 utiliser, performances stables.<\/p>\n","protected":false},"featured_media":5660,"comment_status":"open","ping_status":"closed","template":"","meta":{"_acf_changed":false,"nf_dc_page":"","om_disable_all_campaigns":false},"product_brand":[],"product_cat":[44],"product_tag":[],"class_list":{"0":"post-5620","1":"product","2":"type-product","3":"status-publish","4":"has-post-thumbnail","6":"product_cat-accessories-informatique","8":"first","9":"instock","10":"shipping-taxable","11":"purchasable","12":"product-type-simple"},"acf":[],"jetpack_sharing_enabled":true,"_links":{"self":[{"href":"https:\/\/www.atlantistechnologie.com\/test\/wp-json\/wp\/v2\/product\/5620","targetHints":{"allow":["GET"]}}],"collection":[{"href":"https:\/\/www.atlantistechnologie.com\/test\/wp-json\/wp\/v2\/product"}],"about":[{"href":"https:\/\/www.atlantistechnologie.com\/test\/wp-json\/wp\/v2\/types\/product"}],"replies":[{"embeddable":true,"href":"https:\/\/www.atlantistechnologie.com\/test\/wp-json\/wp\/v2\/comments?post=5620"}],"wp:featuredmedia":[{"embeddable":true,"href":"https:\/\/www.atlantistechnologie.com\/test\/wp-json\/wp\/v2\/media\/5660"}],"wp:attachment":[{"href":"https:\/\/www.atlantistechnologie.com\/test\/wp-json\/wp\/v2\/media?parent=5620"}],"wp:term":[{"taxonomy":"product_brand","embeddable":true,"href":"https:\/\/www.atlantistechnologie.com\/test\/wp-json\/wp\/v2\/product_brand?post=5620"},{"taxonomy":"product_cat","embeddable":true,"href":"https:\/\/www.atlantistechnologie.com\/test\/wp-json\/wp\/v2\/product_cat?post=5620"},{"taxonomy":"product_tag","embeddable":true,"href":"https:\/\/www.atlantistechnologie.com\/test\/wp-json\/wp\/v2\/product_tag?post=5620"}],"curies":[{"name":"wp","href":"https:\/\/api.w.org\/{rel}","templated":true}]}}