{"id":5615,"date":"2022-10-11T16:07:31","date_gmt":"2022-10-11T16:07:31","guid":{"rendered":"https:\/\/www.atlantistechnologie.com\/test\/?post_type=product&#038;p=5615"},"modified":"2022-10-11T16:07:33","modified_gmt":"2022-10-11T16:07:33","slug":"sandisk-extreme-portable-ssd-250-go-disque-ssd-portable-usb-2","status":"publish","type":"product","link":"https:\/\/www.atlantistechnologie.com\/test\/product\/sandisk-extreme-portable-ssd-250-go-disque-ssd-portable-usb-2\/","title":{"rendered":"SanDisk Extreme Portable SSD 250 Go DISQUE SSD PORTABLE USB"},"content":{"rendered":"<h2 class=\"h2-master\">Disque SSD externe ultra-rapide et robuste<\/h2>\n<section>Le disque<strong>\u00a0SSD\u00a0SanDisk Extreme Portable\u00a0250 Go<\/strong>\u00a0gr\u00e2ce \u00e0 sa connectique USB 3.1 offre des transferts \u00e0 haute vitesse pouvant aller jusqu&#8217;\u00e0\u00a0<strong>550 Mo\/s<\/strong>\u00a0tant en lecture qu&#8217;en \u00e9criture. Il sera ainsi facile de transf\u00e9rer rapidement des photos et des vid\u00e9os haute r\u00e9solution. Sa compatibilit\u00e9 avec Windows depuis Vista et Mac \u00e0 partir d&#8217;OSX 10.4 et son installation\u00a0<strong>Plug&#8217;n&#8217;play<\/strong>\u00a0vous permettront passer d&#8217;une machine \u00e0 l&#8217;autre sans difficult\u00e9.<\/p>\n<\/section>\n<section>\n<div class=\"desc-image\"><img data-recalc-dims=\"1\" decoding=\"async\" src=\"https:\/\/i0.wp.com\/media.ldlc.com\/bo\/images\/fiches\/disque_dur_externe\/sandisk\/sandisk_ssd_extreme_portable.jpg?w=1170&#038;ssl=1\" alt=\"\" \/><\/div>\n<div class=\"desc-text\">\n<h2>PROT\u00c9GEZ VOS DONN\u00c9ES EFFICACEMENT<\/h2>\n<p>Le disque\u00a0SSD portable SanDisk Extreme gr\u00e2ce \u00e0 son format plus petit qu&#8217;un smartphone pourra prendre facilement place dans une poche ou dans la sacoche de votre ordinateur portable. La robustesse est garantie par la\u00a0<strong>norme IP55<\/strong>\u00a0ce qui lui conf\u00e8re une excellente r\u00e9sistance \u00e0 la pluie, aux \u00e9claboussures et \u00e0 la poussi\u00e8re. Concernant la s\u00e9curit\u00e9 de vos donn\u00e9es, vous pourrez tout \u00e0 fait mettre en place la s\u00e9curisation de vos donn\u00e9es par un\u00a0<strong>cryptage AES 128 bits<\/strong>\u00a0de vos donn\u00e9es gr\u00e2ce au\u00a0<strong>logiciel SecureAccess<\/strong>\u00a0\u00e0 t\u00e9l\u00e9charger.<\/p>\n<\/div>\n<\/section>\n<section>\n<div class=\"desc-text\">\n<h2>ID\u00c9AL POUR LES PHOTOS ET VID\u00c9OS HAUTE R\u00c9SOLUTION<\/h2>\n<p>Avec une capacit\u00e9 de stockage \u00e9lev\u00e9e et de hautes vitesses de transfert\u00a0pour les photos, vid\u00e9os et fichiers audio haute r\u00e9solution, le disque SSD portable SanDisk Extreme est parfait pour vos activit\u00e9s cr\u00e9atives.\u00a0Con\u00e7u afin de fonctionner autant avec Windows que Mac, le disque SSD portable SanDisk Extreme est \u00e9quip\u00e9 d\u2019un connecteur USB 3.1 de type C, et inclut \u00e9galement un c\u00e2ble USB Type-C \u00e0 Type-C, ainsi qu\u2019un adaptateur Type-C \u00e0 Type-A, signifiant qu\u2019il peut op\u00e9rer avec les ordinateurs PC et Mac actuels, futurs et anciens.<\/p>\n<\/div>\n<div class=\"desc-image\"><img data-recalc-dims=\"1\" decoding=\"async\" src=\"https:\/\/i0.wp.com\/media.ldlc.com\/bo\/images\/fiches\/disque_dur_externe\/sandisk\/sandisk_ssd_extreme_portable_002.jpg?w=1170&#038;ssl=1\" alt=\"\" \/><\/div>\n<\/section>\n","protected":false},"excerpt":{"rendered":"<p>Disque SSD externe ultra-rapide et robuste Le disque\u00a0SSD\u00a0SanDisk Extreme Portable\u00a0250 Go\u00a0gr\u00e2ce \u00e0 sa connectique USB 3.1 offre des transferts \u00e0 haute vitesse pouvant aller jusqu&#8217;\u00e0\u00a0550 Mo\/s\u00a0tant en lecture qu&#8217;en \u00e9criture.<\/p>\n","protected":false},"featured_media":5575,"comment_status":"open","ping_status":"closed","template":"","meta":{"_acf_changed":false,"nf_dc_page":"","om_disable_all_campaigns":false},"product_brand":[],"product_cat":[255],"product_tag":[],"class_list":{"0":"post-5615","1":"product","2":"type-product","3":"status-publish","4":"has-post-thumbnail","6":"product_cat-multimedia","8":"first","9":"instock","10":"shipping-taxable","11":"purchasable","12":"product-type-simple"},"acf":[],"jetpack_sharing_enabled":true,"_links":{"self":[{"href":"https:\/\/www.atlantistechnologie.com\/test\/wp-json\/wp\/v2\/product\/5615","targetHints":{"allow":["GET"]}}],"collection":[{"href":"https:\/\/www.atlantistechnologie.com\/test\/wp-json\/wp\/v2\/product"}],"about":[{"href":"https:\/\/www.atlantistechnologie.com\/test\/wp-json\/wp\/v2\/types\/product"}],"replies":[{"embeddable":true,"href":"https:\/\/www.atlantistechnologie.com\/test\/wp-json\/wp\/v2\/comments?post=5615"}],"wp:featuredmedia":[{"embeddable":true,"href":"https:\/\/www.atlantistechnologie.com\/test\/wp-json\/wp\/v2\/media\/5575"}],"wp:attachment":[{"href":"https:\/\/www.atlantistechnologie.com\/test\/wp-json\/wp\/v2\/media?parent=5615"}],"wp:term":[{"taxonomy":"product_brand","embeddable":true,"href":"https:\/\/www.atlantistechnologie.com\/test\/wp-json\/wp\/v2\/product_brand?post=5615"},{"taxonomy":"product_cat","embeddable":true,"href":"https:\/\/www.atlantistechnologie.com\/test\/wp-json\/wp\/v2\/product_cat?post=5615"},{"taxonomy":"product_tag","embeddable":true,"href":"https:\/\/www.atlantistechnologie.com\/test\/wp-json\/wp\/v2\/product_tag?post=5615"}],"curies":[{"name":"wp","href":"https:\/\/api.w.org\/{rel}","templated":true}]}}