{"id":5612,"date":"2022-10-11T16:07:20","date_gmt":"2022-10-11T16:07:20","guid":{"rendered":"https:\/\/www.atlantistechnologie.com\/test\/?post_type=product&#038;p=5612"},"modified":"2022-10-11T16:07:28","modified_gmt":"2022-10-11T16:07:28","slug":"cartouche-hp-131a-noir-toner-original-hp-cf210a-authentique-2","status":"publish","type":"product","link":"https:\/\/www.atlantistechnologie.com\/test\/product\/cartouche-hp-131a-noir-toner-original-hp-cf210a-authentique-2\/","title":{"rendered":"Cartouche HP 131A noir &#8211; Toner original HP CF210A authentique"},"content":{"rendered":"<p>Les cartouches d\u2019impression Cyan HP 131A LaserJet impriment des documents commerciaux de qualit\u00e9 professionnelle de chez vous ou de votre bureau. Maintenez votre productivit\u00e9 en \u00e9vitant les pertes de temps et de consommables. Ces cartouches sont sp\u00e9cifiquement con\u00e7ues pour votre imprimante.<\/p>\n","protected":false},"excerpt":{"rendered":"<p>Compatible avec les imprimantes laser\u00a0<strong>HP LaserJet Pro<\/strong>\u00a0200 color M251, 200 color MFP M276, 200 M251n, 200 M251nw, 200 MFP M276N, 200 MFP M276NW.<\/p>\n","protected":false},"featured_media":5497,"comment_status":"open","ping_status":"closed","template":"","meta":{"_acf_changed":false,"nf_dc_page":"","om_disable_all_campaigns":false},"product_brand":[],"product_cat":[226],"product_tag":[],"class_list":{"0":"post-5612","1":"product","2":"type-product","3":"status-publish","4":"has-post-thumbnail","6":"product_cat-informatique","8":"first","9":"instock","10":"shipping-taxable","11":"purchasable","12":"product-type-simple"},"acf":[],"jetpack_sharing_enabled":true,"_links":{"self":[{"href":"https:\/\/www.atlantistechnologie.com\/test\/wp-json\/wp\/v2\/product\/5612","targetHints":{"allow":["GET"]}}],"collection":[{"href":"https:\/\/www.atlantistechnologie.com\/test\/wp-json\/wp\/v2\/product"}],"about":[{"href":"https:\/\/www.atlantistechnologie.com\/test\/wp-json\/wp\/v2\/types\/product"}],"replies":[{"embeddable":true,"href":"https:\/\/www.atlantistechnologie.com\/test\/wp-json\/wp\/v2\/comments?post=5612"}],"wp:featuredmedia":[{"embeddable":true,"href":"https:\/\/www.atlantistechnologie.com\/test\/wp-json\/wp\/v2\/media\/5497"}],"wp:attachment":[{"href":"https:\/\/www.atlantistechnologie.com\/test\/wp-json\/wp\/v2\/media?parent=5612"}],"wp:term":[{"taxonomy":"product_brand","embeddable":true,"href":"https:\/\/www.atlantistechnologie.com\/test\/wp-json\/wp\/v2\/product_brand?post=5612"},{"taxonomy":"product_cat","embeddable":true,"href":"https:\/\/www.atlantistechnologie.com\/test\/wp-json\/wp\/v2\/product_cat?post=5612"},{"taxonomy":"product_tag","embeddable":true,"href":"https:\/\/www.atlantistechnologie.com\/test\/wp-json\/wp\/v2\/product_tag?post=5612"}],"curies":[{"name":"wp","href":"https:\/\/api.w.org\/{rel}","templated":true}]}}