{"id":5611,"date":"2022-10-11T16:07:20","date_gmt":"2022-10-11T16:07:20","guid":{"rendered":"https:\/\/www.atlantistechnologie.com\/test\/?post_type=product&#038;p=5611"},"modified":"2022-10-11T16:07:28","modified_gmt":"2022-10-11T16:07:28","slug":"cartouche-hp-305a-ce410a-laserjet-noir-dorigine-authentique-2","status":"publish","type":"product","link":"https:\/\/www.atlantistechnologie.com\/test\/product\/cartouche-hp-305a-ce410a-laserjet-noir-dorigine-authentique-2\/","title":{"rendered":"Cartouche HP 305A (CE410A) LaserJet noir d\u2019origine Authentique"},"content":{"rendered":"<section class=\"ProductDetailsPage_productDetailsBannerWrapper__2VwJ7\">\n<div class=\"ProductDetailsPage_productDescription__3z02T\">\n<div class=\"prod-overview__desc\">\n<ul>\n<li>Couleur : Noir<\/li>\n<li>Rendement approximatif par cartouche\u00a0: 2 090 pages<\/li>\n<li>Compatibilit\u00e9\u00a0: HP LaserJet Pro 300, 400<\/li>\n<\/ul>\n<\/div>\n<\/div>\n<\/section>\n<div class=\"ProductDetailsPage_keySellingPointsWrapper__fLXaK\">\n<div class=\"KeySellingPointsContainer_container__h7h42\">\n<section class=\"ProductKeySellingPoints_root__2LZ6p KeySellingPointsContainer_keySellingPoints__RHxIr KeySellingPointsContainer_maxTwoColumns__2LH-e\" data-test-hook=\"@hpstellar\/storefront-ui-product-key-selling-points\">\n<div class=\"ProductKeySellingPoints_kspSection__3Fumw\">\n<h4 class=\"ProductKeySellingPoints_title__EfldW\">Imprimez des textes en noir et blanc et en couleurs stup\u00e9fiants.<\/h4>\n<div class=\"ProductKeySellingPoints_description__1LCVX\">Maximisez l&#8217;impact de vos documents en imprimant des couleurs \u00e9clatantes. Imprimez des graphiques et des images de qualit\u00e9 photo, gr\u00e2ce au toner qui offre un look brillant et lumineux. Vous pouvez compter sur des r\u00e9sultats professionnels constants sur une large gamme de papiers laser con\u00e7us pour le bureau. Obtenez la couleur exceptionnelle HP \u00e0 laquelle vous vous attendiez et \u00e9conomisez en imprimant dans votre bureau.<\/div>\n<\/div>\n<div class=\"ProductKeySellingPoints_kspSection__3Fumw\">\n<h4 class=\"ProductKeySellingPoints_title__EfldW\">Restez productif\u2014obtenez des impressions fiables et constantes.<\/h4>\n<div class=\"ProductKeySellingPoints_description__1LCVX\">Vous pouvez compter sur des r\u00e9sultats professionnels constants sur une large gamme de papiers laser con\u00e7us pour le bureau. \u00c9vitez la frustration d&#8217;avoir \u00e0 r\u00e9imprimer, le gaspillage des consommables et les retards co\u00fbteux en optant pour des cartouches de HP d&#8217;origine. Les imprimantes, le toner et le papier HP LaserJet authentique sont con\u00e7us et test\u00e9s ensemble pour des r\u00e9sultats professionnels.<\/div>\n<\/div>\n<div class=\"ProductKeySellingPoints_kspSection__3Fumw\">\n<h4 class=\"ProductKeySellingPoints_title__EfldW\">Commandez, remplacez et recyclez facilement les consommables.<\/h4>\n<div class=\"ProductKeySellingPoints_description__1LCVX\">Recevez une alerte en cas de niveau de toner faible et achetez facilement des cartouches de rechange avec HP et des partenaires de confiance. Installation d&#8217;une nouvelle cartouche en un clin d&#8217;\u0153il : la conception tout-en-un de la cartouche HP facilite et acc\u00e9l\u00e8re son remplacement. HP vous aide \u00e0 recycler vos cartouches de toner \u2014c&#8217;est facile et gratuit avec le programme HP Planet Partners.[2]<\/div>\n<\/div>\n<\/section>\n<\/div>\n<\/div>\n","protected":false},"excerpt":{"rendered":"<p><span class=\"a-list-item\">Compatibilit\u00e9 : HP LaserJet Pro 300 Color MFP M375nw, HP LaserJet Pro 400 Color M451dn, HP LaserJet Pro 400 Color M451dw, HP LaserJet Pro 400 Color M451nw, HP LaserJet Pro 400 Color MFP M475dn, HP LaserJet Pro 400 Color MFP M475dw<\/span><\/p>\n","protected":false},"featured_media":5495,"comment_status":"open","ping_status":"closed","template":"","meta":{"_acf_changed":false,"nf_dc_page":"","om_disable_all_campaigns":false},"product_brand":[],"product_cat":[260,226],"product_tag":[],"class_list":{"0":"post-5611","1":"product","2":"type-product","3":"status-publish","4":"has-post-thumbnail","6":"product_cat-cartouche-laser-2","7":"product_cat-informatique","9":"first","10":"instock","11":"shipping-taxable","12":"purchasable","13":"product-type-simple"},"acf":[],"jetpack_sharing_enabled":true,"_links":{"self":[{"href":"https:\/\/www.atlantistechnologie.com\/test\/wp-json\/wp\/v2\/product\/5611","targetHints":{"allow":["GET"]}}],"collection":[{"href":"https:\/\/www.atlantistechnologie.com\/test\/wp-json\/wp\/v2\/product"}],"about":[{"href":"https:\/\/www.atlantistechnologie.com\/test\/wp-json\/wp\/v2\/types\/product"}],"replies":[{"embeddable":true,"href":"https:\/\/www.atlantistechnologie.com\/test\/wp-json\/wp\/v2\/comments?post=5611"}],"wp:featuredmedia":[{"embeddable":true,"href":"https:\/\/www.atlantistechnologie.com\/test\/wp-json\/wp\/v2\/media\/5495"}],"wp:attachment":[{"href":"https:\/\/www.atlantistechnologie.com\/test\/wp-json\/wp\/v2\/media?parent=5611"}],"wp:term":[{"taxonomy":"product_brand","embeddable":true,"href":"https:\/\/www.atlantistechnologie.com\/test\/wp-json\/wp\/v2\/product_brand?post=5611"},{"taxonomy":"product_cat","embeddable":true,"href":"https:\/\/www.atlantistechnologie.com\/test\/wp-json\/wp\/v2\/product_cat?post=5611"},{"taxonomy":"product_tag","embeddable":true,"href":"https:\/\/www.atlantistechnologie.com\/test\/wp-json\/wp\/v2\/product_tag?post=5611"}],"curies":[{"name":"wp","href":"https:\/\/api.w.org\/{rel}","templated":true}]}}