{"id":5610,"date":"2022-10-11T16:07:20","date_gmt":"2022-10-11T16:07:20","guid":{"rendered":"https:\/\/www.atlantistechnologie.com\/test\/?post_type=product&#038;p=5610"},"modified":"2022-10-11T16:07:28","modified_gmt":"2022-10-11T16:07:28","slug":"cartouche-toner-laserjet-hp-216a-authentique-2","status":"publish","type":"product","link":"https:\/\/www.atlantistechnologie.com\/test\/product\/cartouche-toner-laserjet-hp-216a-authentique-2\/","title":{"rendered":"Cartouche Toner LaserJet HP 216A authentique"},"content":{"rendered":"<section class=\"ProductDetailsPage_productDetailsBannerWrapper__2VwJ7\">\n<div class=\"ProductDetailsPage_productDescription__3z02T\">Imprimez tous vos documents professionnels rapidement et efficacement et de faites correspondre les performances de votre HP Color LaserJet Pro avec les cartouches de toner HP d\u2019origine avec JetIntelligence. Faites confiance \u00e0 la qualit\u00e9 et fiabilit\u00e9 pour des r\u00e9sultats d\u2019impression HP.<\/div>\n<\/section>\n<div class=\"ProductDetailsPage_keySellingPointsWrapper__fLXaK\">\n<div class=\"KeySellingPointsContainer_container__h7h42\">\n<section class=\"ProductKeySellingPoints_root__2LZ6p KeySellingPointsContainer_keySellingPoints__RHxIr KeySellingPointsContainer_maxTwoColumns__2LH-e\" data-test-hook=\"@hpstellar\/storefront-ui-product-key-selling-points\">\n<div class=\"ProductKeySellingPoints_kspSection__3Fumw\">\n<h4 class=\"ProductKeySellingPoints_title__EfldW\">Abordable<\/h4>\n<div class=\"ProductKeySellingPoints_description__1LCVX\">D\u00e9marrage d\u2019impression et aider \u00e0 rester au sein de votre budget \u00e0 un prix d\u2019achat bas avec les cartouches de toner HP d\u2019origine.<\/div>\n<\/div>\n<div class=\"ProductKeySellingPoints_kspSection__3Fumw\">\n<h4 class=\"ProductKeySellingPoints_title__EfldW\">Imprimez \u00e0 haute vitesse sans renoncer \u00e0 la qualit\u00e9<\/h4>\n<div class=\"ProductKeySellingPoints_description__1LCVX\">Continuez \u00e0 b\u00e9n\u00e9ficier d&#8217;une qualit\u00e9 professionnelle constante \u00e0 haute vitesse avec un toner HP ColorSphere 3.<\/div>\n<\/div>\n<div class=\"ProductKeySellingPoints_kspSection__3Fumw\">\n<h4 class=\"ProductKeySellingPoints_title__EfldW\">Aidez \u00e0 lutter contre la fraude<\/h4>\n<div class=\"ProductKeySellingPoints_description__1LCVX\">Obtenez la qualit\u00e9 HP authentique que vous attendez avec l&#8217;innovante technologie anti-fraude.<\/div>\n<\/div>\n<div class=\"ProductKeySellingPoints_kspSection__3Fumw\">\n<h4 class=\"ProductKeySellingPoints_title__EfldW\">Prot\u00e9gez votre investissement<\/h4>\n<div class=\"ProductKeySellingPoints_description__1LCVX\">Les cartouches de toner HP authentiques avec JetIntelligence produisent des r\u00e9sultats impressionnants de la premi\u00e8re \u00e0 la derni\u00e8re page.<\/div>\n<\/div>\n<\/section>\n<\/div>\n<\/div>\n","protected":false},"excerpt":{"rendered":"<p>Imprimez tous vos documents professionnels rapidement et efficacement et de faites correspondre les performances de votre HP Color LaserJet Pro avec les cartouches de toner HP d\u2019origine avec JetIntelligence. Faites<\/p>\n","protected":false},"featured_media":5494,"comment_status":"open","ping_status":"closed","template":"","meta":{"_acf_changed":false,"nf_dc_page":"","om_disable_all_campaigns":false},"product_brand":[],"product_cat":[260,226],"product_tag":[],"class_list":{"0":"post-5610","1":"product","2":"type-product","3":"status-publish","4":"has-post-thumbnail","6":"product_cat-cartouche-laser-2","7":"product_cat-informatique","9":"first","10":"instock","11":"shipping-taxable","12":"purchasable","13":"product-type-simple"},"acf":[],"jetpack_sharing_enabled":true,"_links":{"self":[{"href":"https:\/\/www.atlantistechnologie.com\/test\/wp-json\/wp\/v2\/product\/5610","targetHints":{"allow":["GET"]}}],"collection":[{"href":"https:\/\/www.atlantistechnologie.com\/test\/wp-json\/wp\/v2\/product"}],"about":[{"href":"https:\/\/www.atlantistechnologie.com\/test\/wp-json\/wp\/v2\/types\/product"}],"replies":[{"embeddable":true,"href":"https:\/\/www.atlantistechnologie.com\/test\/wp-json\/wp\/v2\/comments?post=5610"}],"wp:featuredmedia":[{"embeddable":true,"href":"https:\/\/www.atlantistechnologie.com\/test\/wp-json\/wp\/v2\/media\/5494"}],"wp:attachment":[{"href":"https:\/\/www.atlantistechnologie.com\/test\/wp-json\/wp\/v2\/media?parent=5610"}],"wp:term":[{"taxonomy":"product_brand","embeddable":true,"href":"https:\/\/www.atlantistechnologie.com\/test\/wp-json\/wp\/v2\/product_brand?post=5610"},{"taxonomy":"product_cat","embeddable":true,"href":"https:\/\/www.atlantistechnologie.com\/test\/wp-json\/wp\/v2\/product_cat?post=5610"},{"taxonomy":"product_tag","embeddable":true,"href":"https:\/\/www.atlantistechnologie.com\/test\/wp-json\/wp\/v2\/product_tag?post=5610"}],"curies":[{"name":"wp","href":"https:\/\/api.w.org\/{rel}","templated":true}]}}