{"id":5608,"date":"2022-10-11T16:07:20","date_gmt":"2022-10-11T16:07:20","guid":{"rendered":"https:\/\/www.atlantistechnologie.com\/test\/?post_type=product&#038;p=5608"},"modified":"2022-10-13T15:14:16","modified_gmt":"2022-10-13T15:14:16","slug":"hp-laserjet-pro-m428fdw-imprimante-laser-monochrome-4-en-1-avec-recto-verso-automatique-usb-2-0-w-fi-2","status":"publish","type":"product","link":"https:\/\/www.atlantistechnologie.com\/test\/product\/hp-laserjet-pro-m428fdw-imprimante-laser-monochrome-4-en-1-avec-recto-verso-automatique-usb-2-0-w-fi-2\/","title":{"rendered":"HP LaserJet Pro M428fdw Imprimante laser monochrome 4-en-1 avec recto\/verso automatique (USB 2.0 W-Fi \/"},"content":{"rendered":"<h2 class=\"h2-master\">Adapt\u00e9e pour vos besoins professionnels<\/h2>\n<section>Gagnez en productivit\u00e9 et lib\u00e9rez du temps pour vos activit\u00e9s\u00a0en installant l&#8217;imprimante multifonction monochrome\u00a0<strong>HP LaserJet Pro M428fdw<\/strong>\u00a0dans votre univers professionnel. Ce mod\u00e8le 4-en-1 se montrera rapidement indispensable pour vos besoins du quotidien. En plus du Wi-Fi et d&#8217;une prise en charge de l&#8217;impression mobile, cette imprimante propose une prise en main simple et rapide pour l&#8217;ensemble de vos collaborateurs.<\/section>\n<section>\n<div class=\"desc-image\"><img data-recalc-dims=\"1\" decoding=\"async\" src=\"https:\/\/i0.wp.com\/media.ldlc.com\/bo\/images\/fiches\/imprimante\/hp\/m428fdw\/impression.jpg?w=1170&#038;ssl=1\" alt=\"\" \/><\/div>\n<div class=\"desc-text\">\n<h2>UN OUTIL DE TRAVAIL PERFORMANT<\/h2>\n<p>Avec l&#8217;imprimante\u00a0<strong>HP LaserJet Pro M428fdw<\/strong>, vous apportez \u00e0 votre environnement professionnel\u00a0une solution performante et compl\u00e8te pour vos besoins du quotidien. Imprimez, num\u00e9risez, faxez et copiez en toute simplicit\u00e9 avec en plus, une s\u00e9r\u00e9nit\u00e9 absolue gr\u00e2ce \u00e0 la technologie HP Print Security. Ce mod\u00e8le est capable d&#8217;accueillir\u00a0<strong>jusqu&#8217;\u00e0 350 feuilles<\/strong>\u00a0et poss\u00e8de une impression\u00a0<strong>recto-verso automatique<\/strong>\u00a0tr\u00e8s pratique pour une productivit\u00e9 toujours au rendez-vous !<\/p>\n<\/div>\n<\/section>\n<section>\n<div class=\"desc-text\">\n<h2>FONCTIONNALIT\u00c9S CONNECT\u00c9ES<\/h2>\n<p>Connect\u00e9e, l&#8217;imprimante HP M428fdw d&#8217;une\u00a0<strong>connexion sans fil Wi-Fi Dual Band et Wi-Fi Direct<\/strong>\u00a0pour r\u00e9pondre \u00e0 toutes vos attentes. Vous b\u00e9n\u00e9ficiez \u00e9galement d&#8217;un port Gigabit Ethernet et d&#8217;un port USB 2.0. L&#8217;<strong>impression mobile<\/strong>\u00a0est \u00e9galement pr\u00e9sente avec une compatibilit\u00e9 Apple AirPrint, Mopria et Google Print 2.0. Enfin, l&#8217;\u00e9cran tactile couleur de 2.7&#8243; apportera \u00e0 chaque utilisateur un confort suppl\u00e9mentaire pour effectuer chaque action.<\/p>\n<\/div>\n<div class=\"desc-image\"><img data-recalc-dims=\"1\" decoding=\"async\" src=\"https:\/\/i0.wp.com\/media.ldlc.com\/bo\/images\/fiches\/imprimante\/hp\/m428dw\/productivite.jpg?w=1170&#038;ssl=1\" alt=\"\" \/><\/div>\n<\/section>\n","protected":false},"excerpt":{"rendered":"<h2>CARACT\u00c9RISTIQUES PRINCIPALES :<\/h2>\n<ul>\n<li><b>Imprimante laser monochrome\u00a0multifonction 4-en-1<\/b><\/li>\n<li>Impression \/ Copie \/ Num\u00e9risation \/ Fax<\/li>\n<li><strong>Recto-verso automatique<\/strong><\/li>\n<li>Vitesse d&#8217;impression : jusqu&#8217;\u00e0 38 ppm (recto) \/ jusqu&#8217;\u00e0 31 ipm (recto-verso)<\/li>\n<li>Vitesse de copie : jusqu&#8217;\u00e0 38 ppm<\/li>\n<li>Vitesse de num\u00e9risation : jusqu&#8217;\u00e0 46 ipm<\/li>\n<li>Ecran couleur tactile 2.7&#8243;<\/li>\n<li><strong>Port\u00a0USB 2.0 et connecteur Gigabit Ethernet<\/strong><\/li>\n<li><strong>Wi-Fi Dual Band et Wi-Fi Direct<\/strong><\/li>\n<li>Bluetooth Low Energy<\/li>\n<li><strong>Compatibilit\u00e9 impression mobile avec\u00a0AirPrint, Mopria, Google Print 2.0<\/strong><\/li>\n<\/ul>\n","protected":false},"featured_media":5478,"comment_status":"open","ping_status":"closed","template":"","meta":{"_acf_changed":false,"nf_dc_page":"","om_disable_all_campaigns":false},"product_brand":[],"product_cat":[227,226],"product_tag":[],"class_list":{"0":"post-5608","1":"product","2":"type-product","3":"status-publish","4":"has-post-thumbnail","6":"product_cat-imprimantes","7":"product_cat-informatique","9":"first","10":"instock","11":"shipping-taxable","12":"purchasable","13":"product-type-simple"},"acf":[],"jetpack_sharing_enabled":true,"_links":{"self":[{"href":"https:\/\/www.atlantistechnologie.com\/test\/wp-json\/wp\/v2\/product\/5608","targetHints":{"allow":["GET"]}}],"collection":[{"href":"https:\/\/www.atlantistechnologie.com\/test\/wp-json\/wp\/v2\/product"}],"about":[{"href":"https:\/\/www.atlantistechnologie.com\/test\/wp-json\/wp\/v2\/types\/product"}],"replies":[{"embeddable":true,"href":"https:\/\/www.atlantistechnologie.com\/test\/wp-json\/wp\/v2\/comments?post=5608"}],"wp:featuredmedia":[{"embeddable":true,"href":"https:\/\/www.atlantistechnologie.com\/test\/wp-json\/wp\/v2\/media\/5478"}],"wp:attachment":[{"href":"https:\/\/www.atlantistechnologie.com\/test\/wp-json\/wp\/v2\/media?parent=5608"}],"wp:term":[{"taxonomy":"product_brand","embeddable":true,"href":"https:\/\/www.atlantistechnologie.com\/test\/wp-json\/wp\/v2\/product_brand?post=5608"},{"taxonomy":"product_cat","embeddable":true,"href":"https:\/\/www.atlantistechnologie.com\/test\/wp-json\/wp\/v2\/product_cat?post=5608"},{"taxonomy":"product_tag","embeddable":true,"href":"https:\/\/www.atlantistechnologie.com\/test\/wp-json\/wp\/v2\/product_tag?post=5608"}],"curies":[{"name":"wp","href":"https:\/\/api.w.org\/{rel}","templated":true}]}}