{"id":5607,"date":"2022-10-11T16:07:20","date_gmt":"2022-10-11T16:07:20","guid":{"rendered":"https:\/\/www.atlantistechnologie.com\/test\/?post_type=product&#038;p=5607"},"modified":"2022-10-13T15:14:15","modified_gmt":"2022-10-13T15:14:15","slug":"hp-laserjet-pro-m404dn-imprimante-laser-monochrome-usb-2-0-ethernet-2","status":"publish","type":"product","link":"https:\/\/www.atlantistechnologie.com\/test\/product\/hp-laserjet-pro-m404dn-imprimante-laser-monochrome-usb-2-0-ethernet-2\/","title":{"rendered":"HP LaserJet Pro M404dn Imprimante laser monochrome (USB 2.0\/Ethernet"},"content":{"rendered":"<section>\n<div class=\"desc-image\"><img data-recalc-dims=\"1\" decoding=\"async\" src=\"https:\/\/i0.wp.com\/media.ldlc.com\/bo\/images\/fiches\/imprimante\/hp\/m404dn\/hpm404dn.jpg?w=1170&#038;ssl=1\" alt=\"\" \/><\/div>\n<div class=\"desc-text\">\n<h2>CON\u00c7UE POUR VOUS FAIRE AVANCER<\/h2>\n<p>Avec l&#8217;imprimante laser HP M404dn, vous allez enfin pouvoir all\u00e9ger\u00a0votre charge de travail et vous consacrer \u00e0 vos activit\u00e9s. Elle offre en effet un grand choix de fonctionnalit\u00e9s pratiques pour vous faire gagner du temps au quotidien\u00a0comme le\u00a0<strong>mode recto-verso automatique<\/strong>\u00a0ou encore l&#8217;impression s\u00e9curis\u00e9e via le Cloud.<\/p>\n<p>C\u00f4t\u00e9 technique, elle imprimera vos documents en quelques secondes (6,3\u00a0sec) pour s&#8217;adapter \u00e0 votre rythme de travail. Ses deux bacs d&#8217;une\u00a0<strong>capacit\u00e9 totale de 350 feuilles<\/strong>\u00a0pourront imprimer sans interruption tout au long de la journ\u00e9e. Sa conception simple et son \u00e9cran LCD \u00e0 deux lignes vous faciliteront son utilisation. Evolutive, vous pouvez ajouter un bac papier de 550 feuilles pour atteindre une capacit\u00e9 maximale de 900 pages. En choisissant les<strong>\u00a0toners HP EcoSmart<\/strong>, vous optimiserez le nombre de pages imprim\u00e9es en plus de r\u00e9duire de 21 % l&#8217;\u00e9nergie utilis\u00e9e lors de l&#8217;impression !<\/p>\n<\/div>\n<\/section>\n","protected":false},"excerpt":{"rendered":"<h2>CARACT\u00c9RISTIQUES PRINCIPALES :<\/h2>\n<ul>\n<li><strong>Imprimante laser\u00a0monochrome\u00a0<\/strong><\/li>\n<li>Vitesse d&#8217;impression : jusqu&#8217;\u00e0 38 ppm (A4)<\/li>\n<li><strong>Recto-verso automatique<\/strong><\/li>\n<li>Bac n\u00b01 de 100 feuilles | Bac n\u00b02 de 250 feuilles<\/li>\n<li>Ports USB 2.0<strong>\u00a0<\/strong>haut d\u00e9bit h\u00f4te\/p\u00e9riph\u00e9rique<\/li>\n<li>Gigabit Ethernet 1000 Base-T<\/li>\n<li>Volume de pages mensuel recommand\u00e9 jusqu&#8217;\u00e0 4 000 pages<\/li>\n<li><strong>Fonctionnalit\u00e9s logicielles<\/strong>\u00a0: HP\u00a0ePrint, Apple AirPrint, Google Cloud Print<\/li>\n<li>\u00c9cran LCD 2 lignes<\/li>\n<li>Protection renforc\u00e9e pour les p\u00e9riph\u00e9riques, donn\u00e9es et documents<\/li>\n<li><strong>Imprimante avec Toner HP 59A LaserJet noir pr\u00e9install\u00e9\u00a0<\/strong>(rendement : 3 000 pages)<\/li>\n<li>Dimensions : 381 x 357 x 216 mm<\/li>\n<\/ul>\n","protected":false},"featured_media":5471,"comment_status":"open","ping_status":"closed","template":"","meta":{"_acf_changed":false,"nf_dc_page":"","om_disable_all_campaigns":false},"product_brand":[],"product_cat":[259,227,226],"product_tag":[],"class_list":{"0":"post-5607","1":"product","2":"type-product","3":"status-publish","4":"has-post-thumbnail","6":"product_cat-imprimante-laser-2","7":"product_cat-imprimantes","8":"product_cat-informatique","10":"first","11":"instock","12":"shipping-taxable","13":"purchasable","14":"product-type-simple"},"acf":[],"jetpack_sharing_enabled":true,"_links":{"self":[{"href":"https:\/\/www.atlantistechnologie.com\/test\/wp-json\/wp\/v2\/product\/5607","targetHints":{"allow":["GET"]}}],"collection":[{"href":"https:\/\/www.atlantistechnologie.com\/test\/wp-json\/wp\/v2\/product"}],"about":[{"href":"https:\/\/www.atlantistechnologie.com\/test\/wp-json\/wp\/v2\/types\/product"}],"replies":[{"embeddable":true,"href":"https:\/\/www.atlantistechnologie.com\/test\/wp-json\/wp\/v2\/comments?post=5607"}],"wp:featuredmedia":[{"embeddable":true,"href":"https:\/\/www.atlantistechnologie.com\/test\/wp-json\/wp\/v2\/media\/5471"}],"wp:attachment":[{"href":"https:\/\/www.atlantistechnologie.com\/test\/wp-json\/wp\/v2\/media?parent=5607"}],"wp:term":[{"taxonomy":"product_brand","embeddable":true,"href":"https:\/\/www.atlantistechnologie.com\/test\/wp-json\/wp\/v2\/product_brand?post=5607"},{"taxonomy":"product_cat","embeddable":true,"href":"https:\/\/www.atlantistechnologie.com\/test\/wp-json\/wp\/v2\/product_cat?post=5607"},{"taxonomy":"product_tag","embeddable":true,"href":"https:\/\/www.atlantistechnologie.com\/test\/wp-json\/wp\/v2\/product_tag?post=5607"}],"curies":[{"name":"wp","href":"https:\/\/api.w.org\/{rel}","templated":true}]}}