{"id":5604,"date":"2022-10-11T16:07:20","date_gmt":"2022-10-11T16:07:20","guid":{"rendered":"https:\/\/www.atlantistechnologie.com\/test\/?post_type=product&#038;p=5604"},"modified":"2022-10-13T15:14:13","modified_gmt":"2022-10-13T15:14:13","slug":"imprimante-hp-laserjet-pro-m283fdw-couleur-recto-verso-automatique-usb-2-0-wifi-2","status":"publish","type":"product","link":"https:\/\/www.atlantistechnologie.com\/test\/product\/imprimante-hp-laserjet-pro-m283fdw-couleur-recto-verso-automatique-usb-2-0-wifi-2\/","title":{"rendered":"Imprimante HP LaserJet Pro M283fdw couleur recto\/verso automatique (USB 2.0\/\/Wifi)"},"content":{"rendered":"<h2 class=\"h2-master\">Une imprimante laser couleur multifonction\u00a0performante pour une meilleure productivit\u00e9<\/h2>\n<section>Avec la\u00a0<strong>HP Color LaserJet Pro MFP M283fdw<\/strong>, obtenez des couleurs de haute qualit\u00e9 et une productivit\u00e9 accrue qui feront forte impression ! Polyvalente, cette\u00a0<strong>imprimante laser couleur multifonction<\/strong>, avec USB, Ethernet et\u00a0<strong>Wi-Fi<\/strong>, vous offre une qualit\u00e9 d\u2019impression de 600 ppp, une r\u00e9solution de num\u00e9risation de 1200 x 1200 ppp, une vitesse d\u2019impression recto verso de 12 ppm, l\u2019imprimante assure toutes les fonctions essentielles de fa\u00e7on compl\u00e8te.De plus, avec l&#8217;application HP Smart, vous allez m\u00eame pouvoir imprimer ou num\u00e9riser \u00e0 partir de votre smartphone.<\/section>\n<section>\n<div class=\"desc-image\"><img data-recalc-dims=\"1\" decoding=\"async\" src=\"https:\/\/i0.wp.com\/media.ldlc.com\/bo\/images\/fiches\/imprimante\/hp\/m281fdw\/m281fdw-800_1.jpg?w=1170&#038;ssl=1\" alt=\"\" \/><\/div>\n<div class=\"desc-text\">\n<h2>DE VRAIES PERFORMANCES<\/h2>\n<p>Avec la\u00a0<strong>HP Color LaserJet Pro M283fdw<\/strong>, imprimez des documents couleur de grande qualit\u00e9, page apr\u00e8s page, et effectuez des t\u00e2ches d\u2019impression en toute confiance afin d&#8217;augmenter votre productivit\u00e9.<\/p>\n<ul>\n<li>Offrez-vous l&#8217;impression recto-verso automatique, et traitez les t\u00e2ches en un clin d&#8217;\u0153il avec le chargeur automatique de documents (ADF) de 50 pages<\/li>\n<li>Num\u00e9risez des fichiers num\u00e9riques directement vers un e-mail, des dossiers r\u00e9seau, et plus encore. Prot\u00e9gez vos donn\u00e9es, vos p\u00e9riph\u00e9riques et vos documents<\/li>\n<li>Restez productif et ajoutez du papier moins souvent gr\u00e2ce \u00e0 un bac de 250 feuilles<\/li>\n<li>Rapidit\u00e9 gr\u00e2ce \u00e0 des documents de plusieurs pages avec impression recto-verso automatique<\/li>\n<\/ul>\n<\/div>\n<\/section>\n<section>\n<div class=\"desc-text\">\n<h2>IMPRIMEZ ET NUM\u00c9RISEZ \u00c0 PARTIR DE VOTRE SMARTPHONE<\/h2>\n<p>Gr\u00e2ce \u00e0 sa\u00a0<strong>connexion Wi-Fi<\/strong>, imprimez vos documents ou vos photos directement depuis votre smartphone, sans passer par un ordinateur.<\/p>\n<ul>\n<li>Imprimez et num\u00e9risez \u00e0 partir de votre smartphone et commandez un nouveau toner en toute simplicit\u00e9 avec l&#8217;<strong>application HP Smart<\/strong><\/li>\n<li>Faites confiance \u00e0 votre connexion gr\u00e2ce \u00e0 la performance constante du\u00a0<strong>Wi-Fi double bande<\/strong><\/li>\n<li>Connectez votre smartphone ou votre tablette directement \u00e0 votre imprimante et imprimez facilement m\u00eame sans acc\u00e8s au r\u00e9seau<\/li>\n<li>Il vous suffit d&#8217;appuyer sur le bouton d&#8217;impression de votre smartphone ou votre tablette pour imprimer.<\/li>\n<\/ul>\n<\/div>\n<div class=\"desc-image\"><img data-recalc-dims=\"1\" decoding=\"async\" src=\"https:\/\/i0.wp.com\/media.ldlc.com\/bo\/images\/fiches\/imprimante\/hp\/m281fdw\/m281fdw-800_2.jpg?w=1170&#038;ssl=1\" alt=\"\" \/><\/div>\n<\/section>\n","protected":false},"excerpt":{"rendered":"<h2>CARACT\u00c9RISTIQUES PRINCIPALES :<\/h2>\n<p>&nbsp;<\/p>\n<ul>\n<li>Imprimante multifonction 4-en-1<\/li>\n<li>Impression, copie, scan, t\u00e9l\u00e9copie<\/li>\n<li>Technologie Laser<\/li>\n<li>\u00c9cran tactile graphique couleur 6,8 cm (2,7 pouces) avec 3 boutons<\/li>\n<li>Capacit\u00e9 maximale (feuilles) : jusqu&#8217;\u00e0 250 feuilles<\/li>\n<li>Capacit\u00e9 du bac d&#8217;alimentation automatique du scanner : 50 feuilles<\/li>\n<li>Formats : A4 ; A5 ;\u00a0A6 ; B5\u00a0; B6 ; A5-R ; 10 x 15 cm ; Enveloppes ; Carte postale<\/li>\n<li><strong>Port USB 2.0 haut d\u00e9bit, Port r\u00e9seau Fast Ethernet 10\/100\/1000 Base-TX int\u00e9gr\u00e9, Wi-Fi N, Port USB h\u00f4te avant<\/strong><\/li>\n<li>Vitesse d&#8217;impression\u00a0: jusqu&#8217;\u00e0 37 ppm (noir et blanc), jusqu&#8217;\u00e0 12 ppm (recto verso), jusqu&#8217;\u00e0 21 ppm (couleur)<\/li>\n<li>R\u00e9solution d&#8217;impression noire : jusqu&#8217;\u00e0 600 x 600 ppp<\/li>\n<li>R\u00e9solution d&#8217;impression couleur : jusqu&#8217;\u00e0 600 x 600 ppp<\/li>\n<li>R\u00e9solution de copie : jusqu&#8217;\u00e0 600 x 600 ppp<\/li>\n<li>Copie max. : jusqu&#8217;\u00e0 99 copies<\/li>\n<li>R\u00e9solution de num\u00e9risation : jusqu&#8217;\u00e0 1200 x 1200 ppp<\/li>\n<li>D\u00e9lai d&#8217;impression de la premi\u00e8re page noire (A4, pr\u00eat) : 10,6 secondes seulement<\/li>\n<li>Sortie de la premi\u00e8re page en noir (A4, veille) : 12,9 secondes seulement<\/li>\n<li>D\u00e9lai d&#8217;impression de la premi\u00e8re page couleur (A4, pr\u00eat) Vitesse : jusqu&#8217;\u00e0 12,3 secondes<\/li>\n<li>Sortie de la premi\u00e8re page en couleur (A4, veille) : 13,2 secondes seulement<\/li>\n<li>ePrint HP ; Apple AirPrint ; Applications mobiles ; Certifi\u00e9 Mopria ; Impression Wi-Fi Direct<\/li>\n<li>Consommation \u00e9lectrique : 361 W (impression active), 7,8 W (pr\u00eat), 0,8 W (veille), 0,05 W (arr\u00eat manuel)<\/li>\n<li>Dimensions : 420 x 421.7 x 334.1 mm<\/li>\n<\/ul>\n","protected":false},"featured_media":5451,"comment_status":"open","ping_status":"closed","template":"","meta":{"_acf_changed":false,"nf_dc_page":"","om_disable_all_campaigns":false},"product_brand":[],"product_cat":[259,227,226],"product_tag":[239,237,238],"class_list":{"0":"post-5604","1":"product","2":"type-product","3":"status-publish","4":"has-post-thumbnail","6":"product_cat-imprimante-laser-2","7":"product_cat-imprimantes","8":"product_cat-informatique","9":"product_tag-50-100","10":"product_tag-electronics","11":"product_tag-touch","13":"first","14":"instock","15":"shipping-taxable","16":"purchasable","17":"product-type-simple"},"acf":[],"jetpack_sharing_enabled":true,"_links":{"self":[{"href":"https:\/\/www.atlantistechnologie.com\/test\/wp-json\/wp\/v2\/product\/5604","targetHints":{"allow":["GET"]}}],"collection":[{"href":"https:\/\/www.atlantistechnologie.com\/test\/wp-json\/wp\/v2\/product"}],"about":[{"href":"https:\/\/www.atlantistechnologie.com\/test\/wp-json\/wp\/v2\/types\/product"}],"replies":[{"embeddable":true,"href":"https:\/\/www.atlantistechnologie.com\/test\/wp-json\/wp\/v2\/comments?post=5604"}],"wp:featuredmedia":[{"embeddable":true,"href":"https:\/\/www.atlantistechnologie.com\/test\/wp-json\/wp\/v2\/media\/5451"}],"wp:attachment":[{"href":"https:\/\/www.atlantistechnologie.com\/test\/wp-json\/wp\/v2\/media?parent=5604"}],"wp:term":[{"taxonomy":"product_brand","embeddable":true,"href":"https:\/\/www.atlantistechnologie.com\/test\/wp-json\/wp\/v2\/product_brand?post=5604"},{"taxonomy":"product_cat","embeddable":true,"href":"https:\/\/www.atlantistechnologie.com\/test\/wp-json\/wp\/v2\/product_cat?post=5604"},{"taxonomy":"product_tag","embeddable":true,"href":"https:\/\/www.atlantistechnologie.com\/test\/wp-json\/wp\/v2\/product_tag?post=5604"}],"curies":[{"name":"wp","href":"https:\/\/api.w.org\/{rel}","templated":true}]}}