{"id":5603,"date":"2022-10-11T16:07:20","date_gmt":"2022-10-11T16:07:20","guid":{"rendered":"https:\/\/www.atlantistechnologie.com\/test\/?post_type=product&#038;p=5603"},"modified":"2022-10-11T16:07:26","modified_gmt":"2022-10-11T16:07:26","slug":"adaptateur-wiwu-alpha-11-en-1-avec-usb-c-rj45-hdmi-vga-4usb-2","status":"publish","type":"product","link":"https:\/\/www.atlantistechnologie.com\/test\/product\/adaptateur-wiwu-alpha-11-en-1-avec-usb-c-rj45-hdmi-vga-4usb-2\/","title":{"rendered":"ADAPTATEUR WIWU ALPHA 11 EN 1 AVEC USB C RJ45 HDMI VGA 4USB"},"content":{"rendered":"<ul>\n<li><strong>Adaptateur Multi Fonction:<\/strong>\u00a0Le Hub USB-C Alpha 11 en 1 de Wiwu transforme le port USB-C de votre ordinateur en hub de connexion pour tous vos appareils \u00e9lectroniques (moniteur, disque dur, cartes SD, enceintes audio, etc.)<\/li>\n<li><strong>Rapide:<\/strong>\u00a0Fonctionne tr\u00e8s rapidement avec les cartes SD et MicroSD. Les 4 ports USB permettent de connecter un disque dur, un clavier, une souris, etc. et il est \u00e9quip\u00e9 d&#8217;un port RJ45 Gigabit.<\/li>\n<li><strong>Certification:<\/strong>\u00a0CE, FCC, Marque Rohs, Wiwu est reconnue pour la qualit\u00e9 et s\u00e9curit\u00e9 de ses connecteurs.<\/li>\n<li><strong>Interface:<\/strong>\u00a04 USB 1 HDMI 1 Micro SD 1 LAN GIGABIT RJ45 1 VGA 1 St\u00e9r\u00e9o Jack 1 Type C Prend en charge la mise en miroir en 4K sur projecteurs, \u00e9crans et t\u00e9l\u00e9viseurs.<\/li>\n<\/ul>\n","protected":false},"excerpt":{"rendered":"<p>Adaptateur Multi Fonction:\u00a0Le Hub USB-C Alpha 11 en 1 de Wiwu transforme le port USB-C de votre ordinateur en hub de connexion pour tous vos appareils \u00e9lectroniques (moniteur, disque dur,<\/p>\n","protected":false},"featured_media":5450,"comment_status":"open","ping_status":"closed","template":"","meta":{"_acf_changed":false,"nf_dc_page":"","om_disable_all_campaigns":false},"product_brand":[],"product_cat":[44],"product_tag":[236,241,237],"class_list":{"0":"post-5603","1":"product","2":"type-product","3":"status-publish","4":"has-post-thumbnail","6":"product_cat-accessories-informatique","7":"product_tag-236","8":"product_tag-a-i","9":"product_tag-electronics","11":"first","12":"instock","13":"shipping-taxable","14":"purchasable","15":"product-type-simple"},"acf":[],"jetpack_sharing_enabled":true,"_links":{"self":[{"href":"https:\/\/www.atlantistechnologie.com\/test\/wp-json\/wp\/v2\/product\/5603","targetHints":{"allow":["GET"]}}],"collection":[{"href":"https:\/\/www.atlantistechnologie.com\/test\/wp-json\/wp\/v2\/product"}],"about":[{"href":"https:\/\/www.atlantistechnologie.com\/test\/wp-json\/wp\/v2\/types\/product"}],"replies":[{"embeddable":true,"href":"https:\/\/www.atlantistechnologie.com\/test\/wp-json\/wp\/v2\/comments?post=5603"}],"wp:featuredmedia":[{"embeddable":true,"href":"https:\/\/www.atlantistechnologie.com\/test\/wp-json\/wp\/v2\/media\/5450"}],"wp:attachment":[{"href":"https:\/\/www.atlantistechnologie.com\/test\/wp-json\/wp\/v2\/media?parent=5603"}],"wp:term":[{"taxonomy":"product_brand","embeddable":true,"href":"https:\/\/www.atlantistechnologie.com\/test\/wp-json\/wp\/v2\/product_brand?post=5603"},{"taxonomy":"product_cat","embeddable":true,"href":"https:\/\/www.atlantistechnologie.com\/test\/wp-json\/wp\/v2\/product_cat?post=5603"},{"taxonomy":"product_tag","embeddable":true,"href":"https:\/\/www.atlantistechnologie.com\/test\/wp-json\/wp\/v2\/product_tag?post=5603"}],"curies":[{"name":"wp","href":"https:\/\/api.w.org\/{rel}","templated":true}]}}