{"id":5602,"date":"2022-10-11T16:07:19","date_gmt":"2022-10-11T16:07:19","guid":{"rendered":"https:\/\/www.atlantistechnologie.com\/test\/?post_type=product&#038;p=5602"},"modified":"2022-10-13T15:14:21","modified_gmt":"2022-10-13T15:14:21","slug":"hp-color-laser-mfp-178nw-imprimante-multifonction-laser-3-en-1-a4-usb-2-0-fast-ethernet-wi-fi-2","status":"publish","type":"product","link":"https:\/\/www.atlantistechnologie.com\/test\/product\/hp-color-laser-mfp-178nw-imprimante-multifonction-laser-3-en-1-a4-usb-2-0-fast-ethernet-wi-fi-2\/","title":{"rendered":"HP Color Laser MFP 178nw Imprimante multifonction laser 3-en-1 A4 (USB 2.0\/Fast Ethernet\/Wi-Fi)"},"content":{"rendered":"<h2 class=\"h2-master\">Un partenaire majeur de votre quotidien<\/h2>\n<section>En int\u00e9grant l&#8217;imprimante multifonction\u00a0<strong>HP Color Laser MFP 178nw<\/strong>\u00a0dans votre quotidien, vous profiterez d&#8217;une solution performante et compl\u00e8te pour atteindre vos objectifs ! Simplicit\u00e9 d&#8217;utilisation, format compact, num\u00e9risation, impression et copie vous attendent pour gagner en productivit\u00e9.<\/section>\n<section>\n<div class=\"desc-image\"><img data-recalc-dims=\"1\" decoding=\"async\" src=\"https:\/\/i0.wp.com\/media.ldlc.com\/bo\/images\/fiches\/imprimante\/hp\/178nw\/multifonction.jpg?w=1170&#038;ssl=1\" alt=\"\" \/><\/div>\n<div class=\"desc-text\">\n<h2>PERFORMANCES AU RENDEZ-VOUS<\/h2>\n<p>R\u00e9pondez \u00e0 tous vos besoins quotidiens avec l&#8217;<strong>imprimante 3-en-1<\/strong>\u00a0HP Color Laser 178nw ! Imprimez en couleur ou en noir et blanc, num\u00e9risez en toute simplicit\u00e9 et copiez vos documents dans les meilleures conditions. Ce mod\u00e8le prend en charge le format A4, dispose d&#8217;un \u00e9cran LCD confortable\u00a0et de boutons de commande intuitifs.<\/p>\n<\/div>\n<\/section>\n<section>\n<div class=\"desc-text\">\n<h2>FONCTIONNALIT\u00c9S CONNECT\u00c9ES<\/h2>\n<p>Cette imprimante multifonction HP int\u00e8gre un port\u00a0<strong>Fast Ethernet<\/strong>\u00a0ainsi que la\u00a0<strong>technologie sans fil Wi-Fi<\/strong>\u00a0! De plus, l&#8217;impression mobile est \u00e9galement disponible pour imprimer vos fichiers ais\u00e9ment depuis votre smartphone !<\/p>\n<p>Compacte, l&#8217;imprimante Color Laser MFP 178nw s&#8217;invitera naturellement dans votre environnement professionnel.<\/p>\n<\/div>\n<div class=\"desc-image\"><img data-recalc-dims=\"1\" decoding=\"async\" src=\"https:\/\/i0.wp.com\/media.ldlc.com\/bo\/images\/fiches\/imprimante\/hp\/178nw\/impression_mobile.jpg?w=1170&#038;ssl=1\" alt=\"\" \/><\/div>\n<\/section>\n","protected":false},"excerpt":{"rendered":"<h2>CARACT\u00c9RISTIQUES PRINCIPALES :<\/h2>\n<ul>\n<li><strong>Imprimante multifonction laser couleur A4<\/strong><\/li>\n<li><strong>Fonctions 3-en-1<\/strong>\u00a0: impression, num\u00e9risation, copie<\/li>\n<li>Vitesse d&#8217;impression : jusqu&#8217;\u00e0 18 ppm (noir) \/ jusqu&#8217;\u00e0 4 ppm (couleur)<\/li>\n<li>Recto\/verso manuel<\/li>\n<li><strong>Capacit\u00e9<\/strong>\u00a0: 150 feuilles (entr\u00e9e) \/ 50 feuilles (sortie)<\/li>\n<li>USB 2.0 \/ Fast Ethernet \/ Wi-Fi<\/li>\n<li>Ecran LCD 2 lignes<\/li>\n<li><strong>Impression mobile<\/strong>\u00a0: Apple AirPrint, Google Cloud Print, Mopria, Applications mobiles<\/li>\n<\/ul>\n","protected":false},"featured_media":5444,"comment_status":"open","ping_status":"closed","template":"","meta":{"_acf_changed":false,"nf_dc_page":"","om_disable_all_campaigns":false},"product_brand":[],"product_cat":[260,259,227,226],"product_tag":[239,237,238],"class_list":{"0":"post-5602","1":"product","2":"type-product","3":"status-publish","4":"has-post-thumbnail","6":"product_cat-cartouche-laser-2","7":"product_cat-imprimante-laser-2","8":"product_cat-imprimantes","9":"product_cat-informatique","10":"product_tag-50-100","11":"product_tag-electronics","12":"product_tag-touch","14":"first","15":"instock","16":"shipping-taxable","17":"purchasable","18":"product-type-simple"},"acf":[],"jetpack_sharing_enabled":true,"_links":{"self":[{"href":"https:\/\/www.atlantistechnologie.com\/test\/wp-json\/wp\/v2\/product\/5602","targetHints":{"allow":["GET"]}}],"collection":[{"href":"https:\/\/www.atlantistechnologie.com\/test\/wp-json\/wp\/v2\/product"}],"about":[{"href":"https:\/\/www.atlantistechnologie.com\/test\/wp-json\/wp\/v2\/types\/product"}],"replies":[{"embeddable":true,"href":"https:\/\/www.atlantistechnologie.com\/test\/wp-json\/wp\/v2\/comments?post=5602"}],"wp:featuredmedia":[{"embeddable":true,"href":"https:\/\/www.atlantistechnologie.com\/test\/wp-json\/wp\/v2\/media\/5444"}],"wp:attachment":[{"href":"https:\/\/www.atlantistechnologie.com\/test\/wp-json\/wp\/v2\/media?parent=5602"}],"wp:term":[{"taxonomy":"product_brand","embeddable":true,"href":"https:\/\/www.atlantistechnologie.com\/test\/wp-json\/wp\/v2\/product_brand?post=5602"},{"taxonomy":"product_cat","embeddable":true,"href":"https:\/\/www.atlantistechnologie.com\/test\/wp-json\/wp\/v2\/product_cat?post=5602"},{"taxonomy":"product_tag","embeddable":true,"href":"https:\/\/www.atlantistechnologie.com\/test\/wp-json\/wp\/v2\/product_tag?post=5602"}],"curies":[{"name":"wp","href":"https:\/\/api.w.org\/{rel}","templated":true}]}}