{"id":5601,"date":"2022-10-11T16:07:19","date_gmt":"2022-10-11T16:07:19","guid":{"rendered":"https:\/\/www.atlantistechnologie.com\/test\/?post_type=product&#038;p=5601"},"modified":"2022-10-11T16:07:26","modified_gmt":"2022-10-11T16:07:26","slug":"disque-dur-externe-toshiba-usb-3-0-2","status":"publish","type":"product","link":"https:\/\/www.atlantistechnologie.com\/test\/product\/disque-dur-externe-toshiba-usb-3-0-2\/","title":{"rendered":"DISQUE DUR EXTERNE TOSHIBA USB 3.0"},"content":{"rendered":"<h3 class=\"title-block\">Description<\/h3>\n<div class=\"block-content\">\n<div class=\"product-description typo\">\n<ul>\n<li>Transf\u00e9rez vos fichiers rapidement avec le port USB 3.0 grande vitesse et stockez jusqu\u2019\u00e0 1 To de donn\u00e9es sur les disques durs externes Canvio Basics.<\/li>\n<li>Ces appareils sont pr\u00eats \u00e0 \u00eatre utilis\u00e9s avec Microsoft Windows, sans aucune installation de logiciel. Le stockage de tous vos fichiers favoris n\u2019a jamais \u00e9t\u00e9 aussi facile.<\/li>\n<li>Que vous soyez \u00e0 votre bureau ou en d\u00e9placement, sa conception intemporelle avec finition mate est toujours \u00e9l\u00e9gante.<\/li>\n<li>Le disque dur vous permet \u00e9galement de vous connecter \u00e0 des anciens mat\u00e9riels gr\u00e2ce \u00e0 sa compatibilit\u00e9 USB 2.0.<\/li>\n<\/ul>\n<\/div>\n<\/div>\n","protected":false},"excerpt":{"rendered":"<p>Transf\u00e9rez vos fichiers rapidement avec le port USB 3.0 grande vitesse et stockez jusqu\u2019\u00e0 1 To de donn\u00e9es sur les disques durs externes Canvio Basics.<\/p>\n","protected":false},"featured_media":5442,"comment_status":"open","ping_status":"closed","template":"","meta":{"_acf_changed":false,"nf_dc_page":"","om_disable_all_campaigns":false},"product_brand":[],"product_cat":[44,255],"product_tag":[240,241,237],"class_list":{"0":"post-5601","1":"product","2":"type-product","3":"status-publish","4":"has-post-thumbnail","6":"product_cat-accessories-informatique","7":"product_cat-multimedia","8":"product_tag-0-50","9":"product_tag-a-i","10":"product_tag-electronics","12":"first","13":"instock","14":"shipping-taxable","15":"purchasable","16":"product-type-simple"},"acf":[],"jetpack_sharing_enabled":true,"_links":{"self":[{"href":"https:\/\/www.atlantistechnologie.com\/test\/wp-json\/wp\/v2\/product\/5601","targetHints":{"allow":["GET"]}}],"collection":[{"href":"https:\/\/www.atlantistechnologie.com\/test\/wp-json\/wp\/v2\/product"}],"about":[{"href":"https:\/\/www.atlantistechnologie.com\/test\/wp-json\/wp\/v2\/types\/product"}],"replies":[{"embeddable":true,"href":"https:\/\/www.atlantistechnologie.com\/test\/wp-json\/wp\/v2\/comments?post=5601"}],"wp:featuredmedia":[{"embeddable":true,"href":"https:\/\/www.atlantistechnologie.com\/test\/wp-json\/wp\/v2\/media\/5442"}],"wp:attachment":[{"href":"https:\/\/www.atlantistechnologie.com\/test\/wp-json\/wp\/v2\/media?parent=5601"}],"wp:term":[{"taxonomy":"product_brand","embeddable":true,"href":"https:\/\/www.atlantistechnologie.com\/test\/wp-json\/wp\/v2\/product_brand?post=5601"},{"taxonomy":"product_cat","embeddable":true,"href":"https:\/\/www.atlantistechnologie.com\/test\/wp-json\/wp\/v2\/product_cat?post=5601"},{"taxonomy":"product_tag","embeddable":true,"href":"https:\/\/www.atlantistechnologie.com\/test\/wp-json\/wp\/v2\/product_tag?post=5601"}],"curies":[{"name":"wp","href":"https:\/\/api.w.org\/{rel}","templated":true}]}}