{"id":5589,"date":"2022-10-11T16:07:18","date_gmt":"2022-10-11T16:07:18","guid":{"rendered":"https:\/\/www.atlantistechnologie.com\/test\/?post_type=product&#038;p=5589"},"modified":"2022-10-11T16:07:22","modified_gmt":"2022-10-11T16:07:22","slug":"cartouche-hp-650a-ce270a-toner-de-marque-hp-laser-original-2","status":"publish","type":"product","link":"https:\/\/www.atlantistechnologie.com\/test\/product\/cartouche-hp-650a-ce270a-toner-de-marque-hp-laser-original-2\/","title":{"rendered":"Cartouche HP 650A CE270A \/- Toner de marque HP Laser Original"},"content":{"rendered":"<p>HP 650A &#8211; Toner de marque\u00a0<strong>HP CE270A\u00a0<\/strong>pour imprimante HP CP5525. Couleur :\u00a0<strong>noir<\/strong>.<\/p>\n<p>La cartouche noire HP Color LaserJet CE270A offre une qualit\u00e9 d&#8217;impression digne d&#8217;un professionnel. Des couleurs accrocheuses et vibrantes, du texte net et une qualit\u00e9 photo r\u00e9aliste qui feront la diff\u00e9rence.<\/p>\n<p>Compatible avec les imprimantes laser\u00a0<strong>HP Color LaserJet<\/strong>\u00a0CP5525dn, CP5525n, CP5525xh, M750n,\u00a0<strong>HP Color LaserJet Enterprise<\/strong>\u00a0M750dn,\u00a0<strong>HP CP<\/strong>\u00a05525dn, 5525n, 5525xh.<\/p>\n","protected":false},"excerpt":{"rendered":"<p>Capacit\u00e9 d&#8217;impression: environ 13500 pages<br \/>\nTechnologie d&#8217;impression: Laser<br \/>\nPoids: environ 1,80 kg<\/p>\n","protected":false},"featured_media":5291,"comment_status":"open","ping_status":"closed","template":"","meta":{"_acf_changed":false,"nf_dc_page":"","om_disable_all_campaigns":false},"product_brand":[],"product_cat":[260,226],"product_tag":[236,241,237],"class_list":{"0":"post-5589","1":"product","2":"type-product","3":"status-publish","4":"has-post-thumbnail","6":"product_cat-cartouche-laser-2","7":"product_cat-informatique","8":"product_tag-236","9":"product_tag-a-i","10":"product_tag-electronics","12":"first","13":"instock","14":"shipping-taxable","15":"purchasable","16":"product-type-simple"},"acf":[],"jetpack_sharing_enabled":true,"_links":{"self":[{"href":"https:\/\/www.atlantistechnologie.com\/test\/wp-json\/wp\/v2\/product\/5589","targetHints":{"allow":["GET"]}}],"collection":[{"href":"https:\/\/www.atlantistechnologie.com\/test\/wp-json\/wp\/v2\/product"}],"about":[{"href":"https:\/\/www.atlantistechnologie.com\/test\/wp-json\/wp\/v2\/types\/product"}],"replies":[{"embeddable":true,"href":"https:\/\/www.atlantistechnologie.com\/test\/wp-json\/wp\/v2\/comments?post=5589"}],"wp:featuredmedia":[{"embeddable":true,"href":"https:\/\/www.atlantistechnologie.com\/test\/wp-json\/wp\/v2\/media\/5291"}],"wp:attachment":[{"href":"https:\/\/www.atlantistechnologie.com\/test\/wp-json\/wp\/v2\/media?parent=5589"}],"wp:term":[{"taxonomy":"product_brand","embeddable":true,"href":"https:\/\/www.atlantistechnologie.com\/test\/wp-json\/wp\/v2\/product_brand?post=5589"},{"taxonomy":"product_cat","embeddable":true,"href":"https:\/\/www.atlantistechnologie.com\/test\/wp-json\/wp\/v2\/product_cat?post=5589"},{"taxonomy":"product_tag","embeddable":true,"href":"https:\/\/www.atlantistechnologie.com\/test\/wp-json\/wp\/v2\/product_tag?post=5589"}],"curies":[{"name":"wp","href":"https:\/\/api.w.org\/{rel}","templated":true}]}}