{"id":5586,"date":"2022-10-11T16:07:18","date_gmt":"2022-10-11T16:07:18","guid":{"rendered":"https:\/\/www.atlantistechnologie.com\/test\/?post_type=product&#038;p=5586"},"modified":"2022-10-13T15:14:21","modified_gmt":"2022-10-13T15:14:21","slug":"canon-i-sensys-mf643cdw-imprimante-laser-couleur-recto-verso-automatique-wi-fi-2","status":"publish","type":"product","link":"https:\/\/www.atlantistechnologie.com\/test\/product\/canon-i-sensys-mf643cdw-imprimante-laser-couleur-recto-verso-automatique-wi-fi-2\/","title":{"rendered":"Canon i-SENSYS MF643Cdw Imprimante laser couleur recto\/verso automatique (\/Wi-Fi\/"},"content":{"rendered":"<h2>UN ENVIRONNEMENT PERFORMANT<\/h2>\n<div>L&#8217;imprimante\u00a0<strong>Canon i-SENSYS MF643Cdw<\/strong>\u00a0est un\u00a0mod\u00e8le laser couleur 3-en-1 qui propose un environnement efficace et productif au quotidien. Imprimez, num\u00e9risez et copiez en toute simplicit\u00e9, appr\u00e9ciez la fonction recto-verso automatique, une interface connect\u00e9e ainsi qu&#8217;une prise en charge de l&#8217;impression mobile.<\/div>\n<p>&nbsp;<\/p>\n<div><\/div>\n<table border=\"0\" width=\"100%\" cellspacing=\"1\" cellpadding=\"1\">\n<tbody>\n<tr>\n<td>\n<h2>UNE IMPRIMANTE POUR TPE ET PME<\/h2>\n<div>\n<p>Gagnez en productivit\u00e9 avec l&#8217;imprimante\u00a0<strong>Canon MF643Cdw<\/strong>\u00a0et ses fonctions d&#8217;impression, de num\u00e9risation et de copie. B\u00e9n\u00e9ficiez d&#8217;une vitesse d&#8217;impression\u00a0<strong>jusqu&#8217;\u00e0 21 ppm<\/strong>\u00a0avec une r\u00e9solution 600 x 600 ppp, d&#8217;une fonction recto-verso automatique, d&#8217;une capacit\u00e9 de chargement de 250 feuilles et d&#8217;une personnalisation pratique via une biblioth\u00e8que d&#8217;application cons\u00e9quente.<\/p>\n<p>Ce mod\u00e8le dispose d&#8217;un\u00a0<strong>large \u00e9cran tactile<\/strong>\u00a0et permet l&#8217;impression via mobile gr\u00e2ce \u00e0 la prise en charge Google Cloud Print, AirPrint, Mopria et applications iOS\/Android. D&#8217;autre part, une connectivit\u00e9\u00a0<strong>Wi-Fi, Gigabit Ethernet et un port USB<\/strong>\u00a0vous attendent pour r\u00e9pondre \u00e0 vos besoins du quotidien.<\/p>\n<\/div>\n<\/td>\n<td width=\"450\"><img data-recalc-dims=\"1\" decoding=\"async\" src=\"https:\/\/i0.wp.com\/media.ldlc.com\/bo\/images\/fiches\/imprimante\/canon\/mf640\/multifonction.jpg?w=1170&#038;ssl=1\" alt=\"\" \/><\/td>\n<\/tr>\n<\/tbody>\n<\/table>\n<p>&nbsp;<\/p>\n","protected":false},"excerpt":{"rendered":"<h2>CARACT\u00c9RISTIQUES PRINCIPALES :<\/h2>\n<p>&nbsp;<\/p>\n<ul>\n<li><strong>Multifonction laser couleur A4 3-en-1<\/strong><\/li>\n<li>Impression \/ Num\u00e9risation \/ Copieur<\/li>\n<li>Recto-verso automatique<\/li>\n<li>Vitesse d&#8217;impression : Recto : jusqu&#8217;\u00e0 21\u00a0ppm (A4) \/\u00a0jusqu&#8217;\u00e0 38\u00a0ppm (A5 &#8211; Paysage) \/ recto-verso jusqu&#8217;\u00e0 12.7 ipm (A4)<\/li>\n<li>Qualit\u00e9 d&#8217;impression :\u00a0<strong>Jusqu&#8217;\u00e0 1200 \u00d7 1200 ppp<\/strong><\/li>\n<li>R\u00e9solution d&#8217;impression : 600 \u00d7 600 ppp<\/li>\n<li><strong>Fonctions d&#8217;impression avanc\u00e9es<\/strong>\u00a0: impression s\u00e9curis\u00e9e, imprimer \u00e0 partir d&#8217;une cl\u00e9 USB, impression de codes barres (via kit en option), compatibilit\u00e9 Google Cloud Print, AirPrint et app iOS, Mopria<\/li>\n<li>Vitesse de copie : Recto (A4) jusqu&#8217;\u00e0 21 ppm \/ recto-verso (A4) jusqu&#8217;\u00e0 12.7 ppm<\/li>\n<li>R\u00e9solution de copie : Jusqu&#8217;\u00e0 600 \u00d7 600 ppp<\/li>\n<li>Vitesse de num\u00e9risation : Recto noir et blanc : 27 ipm (300 \u00d7 600 ppp), Recto couleur : 14 ipm (300 \u00d7 600 ppp)<\/li>\n<li>Connectivit\u00e9 :\u00a0<strong>USB 2.0 Haute Vitesse, Gigabit Ethernet, Wi-Fi b\/g\/n, connexion directe sans fil<\/strong><\/li>\n<\/ul>\n","protected":false},"featured_media":5285,"comment_status":"open","ping_status":"closed","template":"","meta":{"_acf_changed":false,"nf_dc_page":"","om_disable_all_campaigns":false},"product_brand":[],"product_cat":[259,227,226,252],"product_tag":[239,237,238],"class_list":{"0":"post-5586","1":"product","2":"type-product","3":"status-publish","4":"has-post-thumbnail","6":"product_cat-imprimante-laser-2","7":"product_cat-imprimantes","8":"product_cat-informatique","9":"product_cat-smart-phones-tablets","10":"product_tag-50-100","11":"product_tag-electronics","12":"product_tag-touch","14":"first","15":"instock","16":"shipping-taxable","17":"purchasable","18":"product-type-simple"},"acf":[],"jetpack_sharing_enabled":true,"_links":{"self":[{"href":"https:\/\/www.atlantistechnologie.com\/test\/wp-json\/wp\/v2\/product\/5586","targetHints":{"allow":["GET"]}}],"collection":[{"href":"https:\/\/www.atlantistechnologie.com\/test\/wp-json\/wp\/v2\/product"}],"about":[{"href":"https:\/\/www.atlantistechnologie.com\/test\/wp-json\/wp\/v2\/types\/product"}],"replies":[{"embeddable":true,"href":"https:\/\/www.atlantistechnologie.com\/test\/wp-json\/wp\/v2\/comments?post=5586"}],"wp:featuredmedia":[{"embeddable":true,"href":"https:\/\/www.atlantistechnologie.com\/test\/wp-json\/wp\/v2\/media\/5285"}],"wp:attachment":[{"href":"https:\/\/www.atlantistechnologie.com\/test\/wp-json\/wp\/v2\/media?parent=5586"}],"wp:term":[{"taxonomy":"product_brand","embeddable":true,"href":"https:\/\/www.atlantistechnologie.com\/test\/wp-json\/wp\/v2\/product_brand?post=5586"},{"taxonomy":"product_cat","embeddable":true,"href":"https:\/\/www.atlantistechnologie.com\/test\/wp-json\/wp\/v2\/product_cat?post=5586"},{"taxonomy":"product_tag","embeddable":true,"href":"https:\/\/www.atlantistechnologie.com\/test\/wp-json\/wp\/v2\/product_tag?post=5586"}],"curies":[{"name":"wp","href":"https:\/\/api.w.org\/{rel}","templated":true}]}}