{"id":5414,"date":"2022-10-07T17:54:14","date_gmt":"2022-10-07T17:54:14","guid":{"rendered":"https:\/\/www.atlantistechnologie.com\/test\/?post_type=product&#038;p=5414"},"modified":"2022-10-13T15:14:24","modified_gmt":"2022-10-13T15:14:24","slug":"imprimante-de-tickets-epson-tm-t20usb-2-0-serie","status":"publish","type":"product","link":"https:\/\/www.atlantistechnologie.com\/test\/product\/imprimante-de-tickets-epson-tm-t20usb-2-0-serie\/","title":{"rendered":"Imprimante de tickets Epson TM-T20(USB 2.0 \/ S\u00e9rie)"},"content":{"rendered":"<div class=\"logo\"><a href=\"https:\/\/www.ldlc.com\/fr-lu\/epson\/bint000001004\/\" rel=\"nofollow\"><img data-recalc-dims=\"1\" decoding=\"async\" src=\"https:\/\/i0.wp.com\/media.ldlc.com\/v3\/marque\/190\/C000001004.gif?w=1170&#038;ssl=1\" alt=\"Epson\" \/><\/a><\/div>\n<div id=\"description\" class=\"description\">\n<p><strong>Une imprimane thermique \u00e9conomique et \u00e9cologique<\/strong><\/p>\n<p>De par sa rapidit\u00e9 d\u2019impression, sa grande fiabilit\u00e9 et son fonctionnement \u00e9conomique, l&#8217;imprimante\u00a0<strong>Epson TM-TM-T20II\u00a0<\/strong>certifi\u00e9e ENERGY STAR est id\u00e9ale pour les commerces de petite taille et sp\u00e9cialis\u00e9s, l\u2019h\u00f4tellerie et les supermarch\u00e9s.<\/p>\n<p><strong>Abordable<\/strong><br \/>\nCe mod\u00e8le facile \u00e0 utiliser et pr\u00e9sentant une<strong>\u00a0largeur de papier de 80 mm\u00a0<\/strong>est l&#8217;imprimante de tickets Epson la plus abordable. Sa fonction de r\u00e9duction de papier automatique r\u00e9duit les marges sup\u00e9rieure et inf\u00e9rieure, le saut de ligne et la hauteur des codes-barres, pour plus de flexibilit\u00e9. Elle permet \u00e9galement de surveiller et de contr\u00f4ler la quantit\u00e9 de papier utilis\u00e9e. Les co\u00fbts de papier sont minimis\u00e9s par l\u2019impression du logo sup\u00e9rieur du ticket suivant avant la coupe du ticket en cours, de sorte que la marge sup\u00e9rieure soit encore r\u00e9duite de 12 mm.<\/p>\n<p><strong>Fiable<\/strong><br \/>\nAvec un temps moyen de bon fonctionnement sans intervention de\u00a0<strong>360 000 heures\u00a0<\/strong>et une\u00a0<strong>dur\u00e9e de vie de 15 millions de lignes<\/strong>, le mod\u00e8le TM-T20II offre une grande fiabilit\u00e9 dans les environnements d\u2019impression les plus intensifs.<\/p>\n<p><strong>Polyvalente<\/strong><br \/>\nL\u2019imprimante TM-T20II poss\u00e8de une interface USB int\u00e9gr\u00e9e et se d\u00e9cline en deux mod\u00e8les : 1) USB + s\u00e9rie, 2) USB + Ethernet. Ce mod\u00e8le est donc un investissement \u00e0 long terme car vous pouvez changer de connectivit\u00e9 \u00e0 tout moment.<\/p>\n<p><strong>Rapide<\/strong><br \/>\nLa vitesse d\u2019impression de\u00a0<strong>200 mm\/s<\/strong>\u00a0vous permet de gagner du temps, ce qui est parfait pour \u00e9viter les longues files d\u2019attente, et le prix d\u2019achat et les co\u00fbts de fonctionnement comp\u00e9titifs vous permettent d\u2019\u00e9conomiser.<\/p>\n<\/div>\n","protected":false},"excerpt":{"rendered":"<p><strong>Caract\u00e9ristiques principales :<\/strong><\/p>\n<ul>\n<li>Jeu de caract\u00e8res: 95 alphanum\u00e9riques, 18 internationaux, 128 x 43 graphiques<\/li>\n<li>Jeu de caract\u00e8res d\u2019imprimerie : ANK<\/li>\n<li>Caract\u00e8res par pouce : 22,6 cpp \/ 16,9 cpp<\/li>\n<li>Densit\u00e9 de points : 203 DPI (ppp) x 203 DPI (ppp)<\/li>\n<li>Impression couleur : Noir<\/li>\n<li>Caract\u00e8res d\u2019imprimerie : Texte (y compris symbole de l\u2019Euro), Graphique, Code-barres<\/li>\n<li>Largeur de papier 80 mm, 48 \/ 64<\/li>\n<li><strong>Interface USB 2.0 + S\u00e9rie<\/strong><\/li>\n<li>Kit de fixation murale fourni<\/li>\n<li>Vitesse d&#8217;impression :\u00a0<strong>200 mm par seconde<\/strong><\/li>\n<li>M\u00e9moire cache de 4 Ko<\/li>\n<li>Alimentation 24 V int\u00e9gr\u00e9e<\/li>\n<li>Imprimante\u00a0\u00e9conomique, certifi\u00e9e Energy Star<\/li>\n<\/ul>\n","protected":false},"featured_media":5459,"comment_status":"open","ping_status":"closed","template":"","meta":{"_acf_changed":false,"nf_dc_page":"","om_disable_all_campaigns":false},"product_brand":[],"product_cat":[264,227,226],"product_tag":[],"class_list":{"0":"post-5414","1":"product","2":"type-product","3":"status-publish","4":"has-post-thumbnail","6":"product_cat-imprimante-jet-dencre-2","7":"product_cat-imprimantes","8":"product_cat-informatique","10":"first","11":"instock","12":"shipping-taxable","13":"purchasable","14":"product-type-simple"},"acf":[],"jetpack_sharing_enabled":true,"_links":{"self":[{"href":"https:\/\/www.atlantistechnologie.com\/test\/wp-json\/wp\/v2\/product\/5414","targetHints":{"allow":["GET"]}}],"collection":[{"href":"https:\/\/www.atlantistechnologie.com\/test\/wp-json\/wp\/v2\/product"}],"about":[{"href":"https:\/\/www.atlantistechnologie.com\/test\/wp-json\/wp\/v2\/types\/product"}],"replies":[{"embeddable":true,"href":"https:\/\/www.atlantistechnologie.com\/test\/wp-json\/wp\/v2\/comments?post=5414"}],"wp:featuredmedia":[{"embeddable":true,"href":"https:\/\/www.atlantistechnologie.com\/test\/wp-json\/wp\/v2\/media\/5459"}],"wp:attachment":[{"href":"https:\/\/www.atlantistechnologie.com\/test\/wp-json\/wp\/v2\/media?parent=5414"}],"wp:term":[{"taxonomy":"product_brand","embeddable":true,"href":"https:\/\/www.atlantistechnologie.com\/test\/wp-json\/wp\/v2\/product_brand?post=5414"},{"taxonomy":"product_cat","embeddable":true,"href":"https:\/\/www.atlantistechnologie.com\/test\/wp-json\/wp\/v2\/product_cat?post=5414"},{"taxonomy":"product_tag","embeddable":true,"href":"https:\/\/www.atlantistechnologie.com\/test\/wp-json\/wp\/v2\/product_tag?post=5414"}],"curies":[{"name":"wp","href":"https:\/\/api.w.org\/{rel}","templated":true}]}}