{"id":5400,"date":"2022-10-07T17:54:13","date_gmt":"2022-10-07T17:54:13","guid":{"rendered":"https:\/\/www.atlantistechnologie.com\/test\/?post_type=product&#038;p=5400"},"modified":"2022-10-11T16:04:56","modified_gmt":"2022-10-11T16:04:56","slug":"google-chromecast-avec-google-tv","status":"publish","type":"product","link":"https:\/\/www.atlantistechnologie.com\/test\/product\/google-chromecast-avec-google-tv\/","title":{"rendered":"Google Chromecast avec Google TV"},"content":{"rendered":"<div class=\"listing-item__title\">Description<\/div>\n<div class=\"listing-item__description\">\n<p>Acc\u00e9dez \u00e0 tous les divertissements que vous aimez, avec un peu d\u2019aide de Google Le streaming en toute libert\u00e9<\/p>\n<p>Profitez des divertissements que vous aimez, jusqu\u2019en 4K HDR. D\u00e9couvrez plus de 400 000 films et \u00e9pisodes de s\u00e9ries TV. Diffusez du contenu sur votre t\u00e9l\u00e9viseur directement depuis votre t\u00e9l\u00e9phone, votre tablette, ou votre ordinateur.<\/p>\n<p>Des contenus sur mesure<\/p>\n<p>Profitez de recommandations personnalis\u00e9es en fonction de tous vos contenus \u2013 abonnements, historique et achats \u2013 sur une seule interface. Fini de jongler entre diff\u00e9rentes applications pour savoir quoi regarder, retrouvez les s\u00e9ries TV que vous aimez sur diff\u00e9rentes plateformes et d\u00e9couvrez-en d\u2019autres gr\u00e2ce aux suggestions. Gr\u00e2ce \u00e0 la t\u00e9l\u00e9commande vocale incluse, demandez \u00e0 Google de rechercher des films, des s\u00e9ries ou de la musique. Faites aussi des recherches par envie, genre, et bien plus. Plus que du divertissement, un coup de pouce au quotidien<\/p>\n<p>Demandez \u00e0 Google de baisser la lumi\u00e8re, de r\u00e9gler la temp\u00e9rature ou de voir qui est \u00e0 la porte, sans quitter votre canap\u00e9. Impossible de mettre la main sur la t\u00e9l\u00e9commande ? Pas de probl\u00e8me, contr\u00f4lez votre t\u00e9l\u00e9viseur \u00e0 la voix via tout appareil dot\u00e9 de l\u2019Assistant Google.<\/p>\n<p>Pour aujourd\u2019hui et pour demain Chromecast est con\u00e7u avec des mat\u00e9riaux recycl\u00e9s et offre une seconde vie \u00e0 votre t\u00e9l\u00e9viseur, il \u0153uvre ainsi doublement \u00e0 la r\u00e9duction des d\u00e9chets.<\/p>\n<p>Parcourez plus de 700 000 \u00e9pisodes et films t\u00e9l\u00e9vis\u00e9s, ainsi que des millions de chansons, \u00e0 partir d\u2019applications telles que Netflix, YouTube, etc. (des services d\u2019abonnement peuvent \u00eatre n\u00e9cessaires)<br \/>\nProfitez du son de toute la maison en regroupant un Chromecast avec Google TV avec d\u2019autres enceintes Nest<br \/>\nRemplissez votre liste de suivi avec des \u00e9missions et des films de la recherche Google (n\u00e9cessite une connexion Internet haut d\u00e9bit)<br \/>\nDolby Vision et Dolby Atmos offrent une qualit\u00e9 vid\u00e9o nette et \u00e0 contraste \u00e9lev\u00e9 avec un son immersif et dynamique<br \/>\nDiffusez des photos, des vid\u00e9os et plus encore du t\u00e9l\u00e9phone au t\u00e9l\u00e9viseur avec des applications compatibles Chromecast (des services d\u2019abonnement peuvent \u00eatre n\u00e9cessaires)<br \/>\nL\u2019appli Apple TV est maintenant sur le Chromecast avec Google TV (un abonnement est requis pour Apple TV +). Regardez des contenus Apple Originals exclusifs, comme Ted Lasso et Greyhound, sur Apple TV +, o\u00f9 de nouvelles \u00e9missions et de nouveaux films sont ajout\u00e9s r\u00e9guli\u00e8rement.. Appuyez simplement sur le bouton Assistant Google de votre t\u00e9l\u00e9commande vocale et dites \u00abOuvrir Apple TV\u00bb (L\u2019Assistant Google peut \u00eatre n\u00e9cessaire pour que vous puissiez profiter de toutes les fonctionnalit\u00e9s)<br \/>\nUtilisez la t\u00e9l\u00e9commande vocale pour allumer le t\u00e9l\u00e9viseur, contr\u00f4ler le volume et changer d\u2019entr\u00e9e. Acc\u00e9dez \u00e0 l\u2019Assistant Google avec la t\u00e9l\u00e9commande vocale, qui vous permet de v\u00e9rifier la m\u00e9t\u00e9o, de lire de la musique, de contr\u00f4ler votre maison intelligente et plus encore<br \/>\nFormats vid\u00e9o: Dolby Vision, HDR10, HDR10+<br \/>\nR\u00e9solution: HDR allant jusqu\u2019\u00e0 4K \u00e0 60 i\/s, Prend en charge les r\u00e9solutions jusqu\u2019\u00e0 4K et l\u2019imagerie \u00e0 grande gamme dynamique (HDR) pour offrir une qualit\u00e9 d\u2019image exceptionnelle (Pour profiter du format 4K Ultra HD, vous devez poss\u00e9der une t\u00e9l\u00e9 HD compatible avec le format 4K et dot\u00e9e d\u2019un port HDMI, une appli pouvant diffuser du contenu en 4K et une connexion Internet \u00e0 large bande fiable permettant la diffusion de contenu en 4K)<br \/>\nAlimentation: Bloc d\u2019alimentation 5 V, 1,5 A fourni et requis<br \/>\nPorts: HDMI pour le branchement direct sur la t\u00e9l\u00e9, Alimentation USB de type C<br \/>\nSyst\u00e8me d\u2019exploitation: SE Android TV<br \/>\nConnectivit\u00e9: Wi-Fi 802.11ac (2,4 GHz\/5 GHz), Bluetooth<br \/>\nExigences: T\u00e9l\u00e9 dot\u00e9e d\u2019un port HDMI, R\u00e9seau Wi-Fi, Appareil compatible \u00e9quip\u00e9 d\u2019une connectivit\u00e9 Wi-Fi, d\u2019un compte Google et une prise \u00e9lectrique \u00e0 proximit\u00e9<br \/>\nLa t\u00e9l\u00e9commande vocale Chromecast a un microphone int\u00e9gr\u00e9 pour l\u2019Assistant Google<br \/>\nLa t\u00e9l\u00e9commande vocale Chromecast n\u00e9cessite 2 piles AAA (incluses)<br \/>\nDans la bo\u00eete: Chromecast, T\u00e9l\u00e9commande vocale, C\u00e2ble d\u2019alimentation, Adaptateur d\u2019alimentation, 2 piles AAA<br \/>\nChromecast avec Google TV Poids: 55 g<br \/>\nChromecast avec Google TV Dimensions: 6,4 L x 2,4 L x 0,5 H po<br \/>\nT\u00e9l\u00e9commande vocale pour Chromecast Poids: 63 g<br \/>\nT\u00e9l\u00e9commande vocale pour Chromecast Dimensions:4,8 L x 1,5 L x 0,7 H po<\/p>\n<\/div>\n","protected":false},"excerpt":{"rendered":"<p>CARACT\u00c9RISTIQUES PRINCIPALES :<br \/>\nAppareil multim\u00e9dia de diffusion de contenus<br \/>\nR\u00e9solution : jusqu&#8217;\u00e0 4K HDR \u00e0 60 FPS<br \/>\nFormats vid\u00e9o : Dolby Vision, HDR10, HDR10+<br \/>\nBranchement sur port HDMI<br \/>\nT\u00e9l\u00e9commande vocale avec microphone int\u00e9gr\u00e9<br \/>\nConnectivit\u00e9 : WiFi 802.11ac (2,4 GHz\/5 GHz), Bluetooth<br \/>\nSyst\u00e8me d&#8217;exploitation : OS Android TV<br \/>\nDimensions : 162 x 61 x 12.5 mm<br \/>\nPoids : 55 g<\/p>\n","protected":false},"featured_media":5295,"comment_status":"open","ping_status":"closed","template":"","meta":{"_acf_changed":false,"nf_dc_page":"","om_disable_all_campaigns":false},"product_brand":[],"product_cat":[44],"product_tag":[239,241,237],"class_list":{"0":"post-5400","1":"product","2":"type-product","3":"status-publish","4":"has-post-thumbnail","6":"product_cat-accessories-informatique","7":"product_tag-50-100","8":"product_tag-a-i","9":"product_tag-electronics","11":"first","12":"instock","13":"shipping-taxable","14":"purchasable","15":"product-type-simple"},"acf":[],"jetpack_sharing_enabled":true,"_links":{"self":[{"href":"https:\/\/www.atlantistechnologie.com\/test\/wp-json\/wp\/v2\/product\/5400","targetHints":{"allow":["GET"]}}],"collection":[{"href":"https:\/\/www.atlantistechnologie.com\/test\/wp-json\/wp\/v2\/product"}],"about":[{"href":"https:\/\/www.atlantistechnologie.com\/test\/wp-json\/wp\/v2\/types\/product"}],"replies":[{"embeddable":true,"href":"https:\/\/www.atlantistechnologie.com\/test\/wp-json\/wp\/v2\/comments?post=5400"}],"wp:featuredmedia":[{"embeddable":true,"href":"https:\/\/www.atlantistechnologie.com\/test\/wp-json\/wp\/v2\/media\/5295"}],"wp:attachment":[{"href":"https:\/\/www.atlantistechnologie.com\/test\/wp-json\/wp\/v2\/media?parent=5400"}],"wp:term":[{"taxonomy":"product_brand","embeddable":true,"href":"https:\/\/www.atlantistechnologie.com\/test\/wp-json\/wp\/v2\/product_brand?post=5400"},{"taxonomy":"product_cat","embeddable":true,"href":"https:\/\/www.atlantistechnologie.com\/test\/wp-json\/wp\/v2\/product_cat?post=5400"},{"taxonomy":"product_tag","embeddable":true,"href":"https:\/\/www.atlantistechnologie.com\/test\/wp-json\/wp\/v2\/product_tag?post=5400"}],"curies":[{"name":"wp","href":"https:\/\/api.w.org\/{rel}","templated":true}]}}