{"id":5386,"date":"2022-10-07T17:52:03","date_gmt":"2022-10-07T17:52:03","guid":{"rendered":"https:\/\/www.atlantistechnologie.com\/test\/?post_type=product&#038;p=5386"},"modified":"2022-10-07T17:52:29","modified_gmt":"2022-10-07T17:52:29","slug":"mini-projecteur-philips-nano","status":"publish","type":"product","link":"https:\/\/www.atlantistechnologie.com\/test\/product\/mini-projecteur-philips-nano\/","title":{"rendered":"Mini Projecteur Philips Nano"},"content":{"rendered":"<div class=\"path path_det\">\n<p>FONCTIONNALIT\u00c9S:<\/p>\n<\/div>\n<div>\n<div class=\"detalles\">\n<div class=\"zona_fotoinfo\">\n<div id=\"info_product_ga\" class=\"info\" data-ta-product-detail=\"detalle\" data-ta-product-sku=\"137805438\" data-ta-product-name=\"PicoPix Nano Projector\" data-ta-product-price=\"169.99\" data-ta-product-brand=\"Philips\" data-ta-product-variant=\"\" data-ta-product-category=\"tv-audio \/ projectors\">\n<div id=\"datos_producto\">\n<div class=\"container p8\">\n<div class=\"resCarousel ResSSlid1 ResSlid0\" data-items=\"2-2-2-2\" data-slide=\"5\" data-speed=\"900\" data-animator=\"lazy\" data-value=\"0\">\n<div class=\"singleBoxMarcaCarrusel\">\n<div class=\"BoxPrice\">\n<p class=\"BoxPriceValor\"><span id=\"desc\" class=\"addReadMore showlesscontent\">Consommation d&#8217;\u00e9nergie:<br \/>\nMax. Dur\u00e9e de vie de l&#8217;ampoule (h): 30000<br \/>\nR\u00e9serve d&#8217;\u00e9nergie:<br \/>\nApprovisionnement en \u00e9nergie: secteur<br \/>\nLa technologie:<br \/>\nTechnique de projection: DLP<br \/>\nSource lumineuse: LED<br \/>\nR\u00e9solution native (pixel): WVGA (854 x 480)<br \/>\nRapport hauteur \/ largeur des autochtones: 16: 9<br \/>\nCompatibilit\u00e9 du rapport d&#8217;aspect: 4: 3<br \/>\nLuminosit\u00e9 (ANSI Lumen): 55,0<br \/>\nRapport de contraste (x: 1): 1000,0<br \/>\nRapport de projection (x: 1): 1,68<br \/>\nMax. Diagonale de l&#8217;\u00e9cran (m\u00e8tre): 3,05<br \/>\nMin. Diagonale de l&#8217;\u00e9cran (m\u00e8tre): 0,5<br \/>\nMax. Couverture de distance de projection (m\u00e8tre): 5<br \/>\nMin. Distance de projection (m\u00e8tre): 0,5<br \/>\n\u00c9quipement:<br \/>\nPlage dynamique \u00e9lev\u00e9e (HDR): Non<br \/>\nM\u00e9moire interne: Oui<br \/>\nM\u00e9moire interne (Go): 0,04<br \/>\nTechnique de projection 3D<br \/>\nProjection 3D: non<br \/>\nPorts:<br \/>\nVid\u00e9o In: Non<br \/>\nEntr\u00e9e vid\u00e9o S: Non<br \/>\nEntr\u00e9e audio: non<br \/>\nSortie audio: non<br \/>\nPrise microphone: non<br \/>\nPrise casque: non<br \/>\nP\u00e9ritel: non<br \/>\nEntr\u00e9e composante vid\u00e9o (YPbPr \/ YUV): Non<br \/>\nSortie num\u00e9rique SPDIF: Non<br \/>\nD Sub 15 broches (VGA): Non<br \/>\nDVI: non<br \/>\nUSB Mini B: 1x USB Mini B 2.0<br \/>\nHDBaseT: Non<br \/>\nR\u00e9seau (RJ 45): Non<br \/>\nEmplacement pour carte m\u00e9moire: non<br \/>\nConnectivit\u00e9:<br \/>\nBluetooth: non<br \/>\nMHL: Non<br \/>\nDLNA: Non<br \/>\nWLAN: non<br \/>\nWiDi (technologie d&#8217;affichage sans fil): Non<br \/>\nWiHD (WirelessHD): Non<br \/>\nWHDI (interface haute d\u00e9finition sans fil): Non<br \/>\nMiracast (certifi\u00e9 WiFi): Non<br \/>\nNFC: non<br \/>\nApple AirPlay: Non<br \/>\nG\u00e9n\u00e9ral:<br \/>\nLargeur (mm): 72<br \/>\nHauteur (mm): 72<br \/>\nProfondeur (<br \/>\n<\/span><\/p>\n<\/div>\n<\/div>\n<\/div>\n<\/div>\n<\/div>\n<\/div>\n<\/div>\n<\/div>\n<\/div>\n","protected":false},"excerpt":{"rendered":"<p>FONCTIONNALIT\u00c9S: Consommation d&#8217;\u00e9nergie: Max. Dur\u00e9e de vie de l&#8217;ampoule (h): 30000 R\u00e9serve d&#8217;\u00e9nergie: Approvisionnement en \u00e9nergie: secteur La technologie: Technique de projection: DLP Source lumineuse: LED R\u00e9solution native (pixel): WVGA<\/p>\n","protected":false},"featured_media":5304,"comment_status":"open","ping_status":"closed","template":"","meta":{"_acf_changed":false,"nf_dc_page":"","om_disable_all_campaigns":false},"product_brand":[],"product_cat":[226],"product_tag":[],"class_list":{"0":"post-5386","1":"product","2":"type-product","3":"status-publish","4":"has-post-thumbnail","6":"product_cat-informatique","8":"first","9":"instock","10":"shipping-taxable","11":"product-type-simple"},"acf":[],"jetpack_sharing_enabled":true,"_links":{"self":[{"href":"https:\/\/www.atlantistechnologie.com\/test\/wp-json\/wp\/v2\/product\/5386","targetHints":{"allow":["GET"]}}],"collection":[{"href":"https:\/\/www.atlantistechnologie.com\/test\/wp-json\/wp\/v2\/product"}],"about":[{"href":"https:\/\/www.atlantistechnologie.com\/test\/wp-json\/wp\/v2\/types\/product"}],"replies":[{"embeddable":true,"href":"https:\/\/www.atlantistechnologie.com\/test\/wp-json\/wp\/v2\/comments?post=5386"}],"wp:featuredmedia":[{"embeddable":true,"href":"https:\/\/www.atlantistechnologie.com\/test\/wp-json\/wp\/v2\/media\/5304"}],"wp:attachment":[{"href":"https:\/\/www.atlantistechnologie.com\/test\/wp-json\/wp\/v2\/media?parent=5386"}],"wp:term":[{"taxonomy":"product_brand","embeddable":true,"href":"https:\/\/www.atlantistechnologie.com\/test\/wp-json\/wp\/v2\/product_brand?post=5386"},{"taxonomy":"product_cat","embeddable":true,"href":"https:\/\/www.atlantistechnologie.com\/test\/wp-json\/wp\/v2\/product_cat?post=5386"},{"taxonomy":"product_tag","embeddable":true,"href":"https:\/\/www.atlantistechnologie.com\/test\/wp-json\/wp\/v2\/product_tag?post=5386"}],"curies":[{"name":"wp","href":"https:\/\/api.w.org\/{rel}","templated":true}]}}