{"id":5385,"date":"2022-10-07T17:52:03","date_gmt":"2022-10-07T17:52:03","guid":{"rendered":"https:\/\/www.atlantistechnologie.com\/test\/?post_type=product&#038;p=5385"},"modified":"2022-10-07T17:52:29","modified_gmt":"2022-10-07T17:52:29","slug":"video-projecteur-acer-x1123hp-4000-lumens-hdmi-vga","status":"publish","type":"product","link":"https:\/\/www.atlantistechnologie.com\/test\/product\/video-projecteur-acer-x1123hp-4000-lumens-hdmi-vga\/","title":{"rendered":"VID\u00c9O PROJECTEUR Acer X1123HP- 4000 LUMENS &#8211; HDMI\/VGA &#8211;"},"content":{"rendered":"<h2 class=\"h2-master\">Projection optimale pour vos besoins professionnels<\/h2>\n<section>Port\u00e9 par une belle luminosit\u00e9 de 4000 Lumens, le\u00a0<strong>vid\u00e9oprojecteur Acer X1123HP<\/strong>\u00a0conviendra parfaitement pour les environnements professionnels. En accompagnement de vos r\u00e9unions, ce mod\u00e8le DLP\u00a0d\u00e9livre une r\u00e9solution SVGA (800 x 600) et se dote d&#8217;un joli contraste de 20 000:1 avec la fonction Dynamic Black. L&#8217;installation se fait tr\u00e8s facilement \u00e0 l&#8217;aide de sa connectique compl\u00e8te tandis que la lampe int\u00e9gr\u00e9e offre une dur\u00e9e d&#8217;utilisation jusqu&#8217;\u00e0 15 000 heures (mode ExtremeEco).<\/p>\n<\/section>\n<section>\n<div class=\"desc-image\"><img data-recalc-dims=\"1\" decoding=\"async\" src=\"https:\/\/i0.wp.com\/media.ldlc.com\/bo\/images\/fiches\/videoprojecteur\/acer\/x1123hp\/videoprojecteur_professionnel.jpg?w=1170&#038;ssl=1\" alt=\"\" \/><\/div>\n<div class=\"desc-text\">\n<h2>PENS\u00c9 POUR LES PROFESSIONNELS<\/h2>\n<p>Avec une r\u00e9solution maximale de 1920 x 1200 pixels, ce\u00a0<strong>vid\u00e9oprojecteur DLP de bureau<\/strong>\u00a0offre une exp\u00e9rience visuelle optimale pour vos pr\u00e9sentations. B\u00e9n\u00e9ficiez d&#8217;une belle\u00a0<strong>luminosit\u00e9 de 4000 lumens<\/strong>\u00a0et d&#8217;un taux de contraste de 20 000:1. Le X1123HP sign\u00e9 Acer int\u00e8gre la technologie LumiSense qui analyse le contenu projet\u00e9 image par image pour ajuster la visibilit\u00e9 et apporter le meilleur r\u00e9sultat possible.<\/p>\n<p>Retrouvez \u00e9galement les technologies ColorSafe II pour lutter contre la d\u00e9gradation des couleurs, ColorBoost 3D et<strong>\u00a0BlueLightShield<\/strong>. Cette derni\u00e8re prot\u00e9gera vos yeux contre les effets n\u00e9fastes de la lumi\u00e8re bleue.<\/p>\n<\/div>\n<\/section>\n<section>\n<div class=\"desc-text\">\n<h2>INT\u00c9GRATION OPTIMIS\u00c9E<\/h2>\n<p>Pour une installation simplifi\u00e9e, le vid\u00e9oprojecteur X1123HP se dote\u00a0de la\u00a0<strong>correction Keystone verticale +\/-40\u00b0<\/strong>. De quoi utiliser votre appareil dans les meilleures conditions pour vos diff\u00e9rentes r\u00e9unions.<\/p>\n<p>A l&#8217;arri\u00e8re, une connectique compl\u00e8te vous attend avec notamment\u00a0<strong>1 port\u00a0HDMI<\/strong>, une entr\u00e9e\u00a0VGA et un port S\u00e9rie. Vous avez m\u00eame la possibilit\u00e9 d&#8217;ajouter une fonction sans fil en optant pour un dongle HDMI wireless (en option).<\/p>\n<\/div>\n<div class=\"desc-image\"><img data-recalc-dims=\"1\" decoding=\"async\" src=\"https:\/\/i0.wp.com\/media.ldlc.com\/bo\/images\/fiches\/videoprojecteur\/acer\/x1123hp\/keystone.jpg?w=1170&#038;ssl=1\" alt=\"\" \/><\/div>\n<\/section>\n","protected":false},"excerpt":{"rendered":"<p>Projection optimale pour vos besoins professionnels Port\u00e9 par une belle luminosit\u00e9 de 4000 Lumens, le\u00a0vid\u00e9oprojecteur Acer X1123HP\u00a0conviendra parfaitement pour les environnements professionnels. En accompagnement de vos r\u00e9unions, ce mod\u00e8le DLP\u00a0d\u00e9livre<\/p>\n","protected":false},"featured_media":5297,"comment_status":"open","ping_status":"closed","template":"","meta":{"_acf_changed":false,"nf_dc_page":"","om_disable_all_campaigns":false},"product_brand":[],"product_cat":[44],"product_tag":[],"class_list":{"0":"post-5385","1":"product","2":"type-product","3":"status-publish","4":"has-post-thumbnail","6":"product_cat-accessories-informatique","8":"first","9":"instock","10":"shipping-taxable","11":"product-type-simple"},"acf":[],"jetpack_sharing_enabled":true,"_links":{"self":[{"href":"https:\/\/www.atlantistechnologie.com\/test\/wp-json\/wp\/v2\/product\/5385","targetHints":{"allow":["GET"]}}],"collection":[{"href":"https:\/\/www.atlantistechnologie.com\/test\/wp-json\/wp\/v2\/product"}],"about":[{"href":"https:\/\/www.atlantistechnologie.com\/test\/wp-json\/wp\/v2\/types\/product"}],"replies":[{"embeddable":true,"href":"https:\/\/www.atlantistechnologie.com\/test\/wp-json\/wp\/v2\/comments?post=5385"}],"wp:featuredmedia":[{"embeddable":true,"href":"https:\/\/www.atlantistechnologie.com\/test\/wp-json\/wp\/v2\/media\/5297"}],"wp:attachment":[{"href":"https:\/\/www.atlantistechnologie.com\/test\/wp-json\/wp\/v2\/media?parent=5385"}],"wp:term":[{"taxonomy":"product_brand","embeddable":true,"href":"https:\/\/www.atlantistechnologie.com\/test\/wp-json\/wp\/v2\/product_brand?post=5385"},{"taxonomy":"product_cat","embeddable":true,"href":"https:\/\/www.atlantistechnologie.com\/test\/wp-json\/wp\/v2\/product_cat?post=5385"},{"taxonomy":"product_tag","embeddable":true,"href":"https:\/\/www.atlantistechnologie.com\/test\/wp-json\/wp\/v2\/product_tag?post=5385"}],"curies":[{"name":"wp","href":"https:\/\/api.w.org\/{rel}","templated":true}]}}