{"id":5384,"date":"2022-10-07T17:52:03","date_gmt":"2022-10-07T17:52:03","guid":{"rendered":"https:\/\/www.atlantistechnologie.com\/test\/?post_type=product&#038;p=5384"},"modified":"2022-10-07T17:52:29","modified_gmt":"2022-10-07T17:52:29","slug":"onduleur-mercury-2000-va","status":"publish","type":"product","link":"https:\/\/www.atlantistechnologie.com\/test\/product\/onduleur-mercury-2000-va\/","title":{"rendered":"ONDULEUR MERCURY 2000 VA"},"content":{"rendered":"<ul>\n<li>Red\u00e9marrage automatique<\/li>\n<li>Protection contre les courts-circuits de sortie<\/li>\n<li>Protection contre les surcharges<\/li>\n<li>Large plage de tension d&#8217;entr\u00e9e<\/li>\n<li>Compatible avec les g\u00e9n\u00e9rateurs<\/li>\n<li>Tension d&#8217;entr\u00e9e: 220VAC<\/li>\n<li>Fr\u00e9quence d&#8217;entr\u00e9e: 60\/50 Hz<\/li>\n<li>Plage d&#8217;entr\u00e9e (220V): 140V-300V<\/li>\n<li>Evaluation (VA): 2000VA<\/li>\n<li>Rendement d&#8217;\u00e9valuation: 1200W<\/li>\n<li>Autonomie (Th\u00e9orique): 6h \u00e0 8h (selon la charge)<\/li>\n<\/ul>\n","protected":false},"excerpt":{"rendered":"<p>Red\u00e9marrage automatique Protection contre les courts-circuits de sortie Protection contre les surcharges Large plage de tension d&#8217;entr\u00e9e Compatible avec les g\u00e9n\u00e9rateurs Tension d&#8217;entr\u00e9e: 220VAC Fr\u00e9quence d&#8217;entr\u00e9e: 60\/50 Hz Plage d&#8217;entr\u00e9e<\/p>\n","protected":false},"featured_media":5289,"comment_status":"open","ping_status":"closed","template":"","meta":{"_acf_changed":false,"nf_dc_page":"","om_disable_all_campaigns":false},"product_brand":[],"product_cat":[44,226,228],"product_tag":[],"class_list":{"0":"post-5384","1":"product","2":"type-product","3":"status-publish","4":"has-post-thumbnail","6":"product_cat-accessories-informatique","7":"product_cat-informatique","8":"product_cat-onduleurs","10":"first","11":"instock","12":"shipping-taxable","13":"product-type-simple"},"acf":[],"jetpack_sharing_enabled":true,"_links":{"self":[{"href":"https:\/\/www.atlantistechnologie.com\/test\/wp-json\/wp\/v2\/product\/5384","targetHints":{"allow":["GET"]}}],"collection":[{"href":"https:\/\/www.atlantistechnologie.com\/test\/wp-json\/wp\/v2\/product"}],"about":[{"href":"https:\/\/www.atlantistechnologie.com\/test\/wp-json\/wp\/v2\/types\/product"}],"replies":[{"embeddable":true,"href":"https:\/\/www.atlantistechnologie.com\/test\/wp-json\/wp\/v2\/comments?post=5384"}],"wp:featuredmedia":[{"embeddable":true,"href":"https:\/\/www.atlantistechnologie.com\/test\/wp-json\/wp\/v2\/media\/5289"}],"wp:attachment":[{"href":"https:\/\/www.atlantistechnologie.com\/test\/wp-json\/wp\/v2\/media?parent=5384"}],"wp:term":[{"taxonomy":"product_brand","embeddable":true,"href":"https:\/\/www.atlantistechnologie.com\/test\/wp-json\/wp\/v2\/product_brand?post=5384"},{"taxonomy":"product_cat","embeddable":true,"href":"https:\/\/www.atlantistechnologie.com\/test\/wp-json\/wp\/v2\/product_cat?post=5384"},{"taxonomy":"product_tag","embeddable":true,"href":"https:\/\/www.atlantistechnologie.com\/test\/wp-json\/wp\/v2\/product_tag?post=5384"}],"curies":[{"name":"wp","href":"https:\/\/api.w.org\/{rel}","templated":true}]}}