{"id":5383,"date":"2022-10-07T17:52:03","date_gmt":"2022-10-07T17:52:03","guid":{"rendered":"https:\/\/www.atlantistechnologie.com\/test\/?post_type=product&#038;p=5383"},"modified":"2022-10-07T17:52:28","modified_gmt":"2022-10-07T17:52:28","slug":"ordinateur-hp-all-in-one-core-i5-8gb-1tera-27-pouce","status":"publish","type":"product","link":"https:\/\/www.atlantistechnologie.com\/test\/product\/ordinateur-hp-all-in-one-core-i5-8gb-1tera-27-pouce\/","title":{"rendered":"Ordinateur HP All-in-One Core i5 8gb 1TERA  27 pouce"},"content":{"rendered":"<h2>Description<\/h2>\n<p>L\u2019ordinateur tout-en-un HP allie la puissance d\u2019un ordinateur de bureau \u00e0 la beaut\u00e9 d\u2019un \u00e9cran mince. Avec des mises \u00e0 niveau faciles, vous pouvez \u00eatre s\u00fbr que votre technologie restera \u00e0 jour.<\/p>\n<p><strong>CARACT\u00c9RISTIQUES PRINCIPALES :<\/strong><\/p>\n<ul>\n<li>Syst\u00e8me d\u2019exploitation : Windows 10 basic<\/li>\n<li>Processeur : Intel\u00ae Core\u2122 i5-1035G1 (fr\u00e9quence de base 1.0 GHz et jusqu\u2019\u00e0 3.6 GHz avec Intel\u00ae Turbo Boost Technologie, 6 MB L3 cache, 4 c\u0153urs)<\/li>\n<li>Famille processeur : Intel\u00ae Core\u2122 i5 10eme g\u00e9n\u00e9ration<\/li>\n<li>Chipset : Intel\u00ae Integrated SoC<\/li>\n<li>M\u00e9moire : 8 GB DDR4-3200 SDRAM (1 x 8 GB)<\/li>\n<li>Taux de transfert : jusqu\u2019\u00e0 3200 MT\/s.<\/li>\n<li>Nombre de slots RAM utilis\u00e9s : 2 SODIMM<\/li>\n<li>M\u00e9moire interne disque dur : 1 TB 7200 rpm SATA HDD<\/li>\n<li>Lecteur CD ROM : Non<\/li>\n<li>Carte graphique int\u00e9gr\u00e9e : Intel\u00ae UHD Graphics<\/li>\n<li>Audio : 2x 2 W<\/li>\n<li>Affichage : 68.6 cm (27\u2033) diagonal, FHD (1920 x 1080), \u00e9cran tactile, IPS, three-sided micro-edge, BrightView, 250 nits, 72% NTSC<\/li>\n<li>Ratio \u00e9cran\/bord : 86.2%<\/li>\n<li>Alimentation : 65 W Smart AC power adapter<\/li>\n<li>Interface r\u00e9seau : int\u00e9gr\u00e9\u00a010\/100\/1000 GbE LAN<\/li>\n<li>Connectivit\u00e9 sans fil : Realtek RTL8821CE 802.11a\/b\/g\/n\/ac (1\u00d71) Wi-Fi\u00ae and Bluetooth\u00ae 4.2 combo, Miracast compatible; MU-MIMO support\u00e9<\/li>\n<li>Ports : cot\u00e9 : 1 SuperSpeed USB Type-A 5Gbps, arri\u00e8re: 2 SuperSpeed USB Type-A 5Gbps; 2 USB 2.0 Type-A; 1 HDMI-out 1.4; 1 prise casque\/microphone combo; 1 RJ-45; HP 3-in-1 lecteur de carte m\u00e9moire<\/li>\n<li>Slots d\u2019expansion : 2 M.2<\/li>\n<li>Webcam : HP True Vision 720p HD avec mode gestion de la vie priv\u00e9e et micros int\u00e9gr\u00e9s<\/li>\n<li>Couleur : Natural silver<\/li>\n<li>Poids machine seule : 8.82 kg<\/li>\n<li>Poids emball\u00e9 : 12.5 kg<\/li>\n<li>Dimensions emball\u00e9 : 71.1 x 28.8 x 59.8 cm<\/li>\n<li>Accessoires inclus : clavier USB blanc, souris blanche<\/li>\n<li>S\u00e9curit\u00e9 : Kensington MicroSaver lock slot<\/li>\n<\/ul>\n","protected":false},"excerpt":{"rendered":"<p>Description L\u2019ordinateur tout-en-un HP allie la puissance d\u2019un ordinateur de bureau \u00e0 la beaut\u00e9 d\u2019un \u00e9cran mince. Avec des mises \u00e0 niveau faciles, vous pouvez \u00eatre s\u00fbr que votre technologie<\/p>\n","protected":false},"featured_media":5283,"comment_status":"open","ping_status":"closed","template":"","meta":{"_acf_changed":false,"nf_dc_page":"","om_disable_all_campaigns":false},"product_brand":[],"product_cat":[44],"product_tag":[],"class_list":{"0":"post-5383","1":"product","2":"type-product","3":"status-publish","4":"has-post-thumbnail","6":"product_cat-accessories-informatique","8":"first","9":"instock","10":"shipping-taxable","11":"product-type-simple"},"acf":[],"jetpack_sharing_enabled":true,"_links":{"self":[{"href":"https:\/\/www.atlantistechnologie.com\/test\/wp-json\/wp\/v2\/product\/5383","targetHints":{"allow":["GET"]}}],"collection":[{"href":"https:\/\/www.atlantistechnologie.com\/test\/wp-json\/wp\/v2\/product"}],"about":[{"href":"https:\/\/www.atlantistechnologie.com\/test\/wp-json\/wp\/v2\/types\/product"}],"replies":[{"embeddable":true,"href":"https:\/\/www.atlantistechnologie.com\/test\/wp-json\/wp\/v2\/comments?post=5383"}],"wp:featuredmedia":[{"embeddable":true,"href":"https:\/\/www.atlantistechnologie.com\/test\/wp-json\/wp\/v2\/media\/5283"}],"wp:attachment":[{"href":"https:\/\/www.atlantistechnologie.com\/test\/wp-json\/wp\/v2\/media?parent=5383"}],"wp:term":[{"taxonomy":"product_brand","embeddable":true,"href":"https:\/\/www.atlantistechnologie.com\/test\/wp-json\/wp\/v2\/product_brand?post=5383"},{"taxonomy":"product_cat","embeddable":true,"href":"https:\/\/www.atlantistechnologie.com\/test\/wp-json\/wp\/v2\/product_cat?post=5383"},{"taxonomy":"product_tag","embeddable":true,"href":"https:\/\/www.atlantistechnologie.com\/test\/wp-json\/wp\/v2\/product_tag?post=5383"}],"curies":[{"name":"wp","href":"https:\/\/api.w.org\/{rel}","templated":true}]}}